{"id":775,"date":"2025-09-28T20:34:06","date_gmt":"2025-09-28T20:34:06","guid":{"rendered":"https:\/\/lateliernuanuaborabora.com\/?page_id=775"},"modified":"2026-01-31T23:45:38","modified_gmt":"2026-01-31T23:45:38","slug":"apropos","status":"publish","type":"page","link":"https:\/\/lateliernuanuaborabora.com\/en\/apropos\/","title":{"rendered":"\u00c0 propos bijoux"},"content":{"rendered":"<div data-elementor-type=\"wp-page\" data-elementor-id=\"775\" class=\"elementor elementor-775\">\n\t\t\t\t<div class=\"elementor-element elementor-element-30d47d6 e-con-full e-flex e-con e-parent\" data-id=\"30d47d6\" data-element_type=\"container\" data-e-type=\"container\">\n\t\t\t\t<div class=\"elementor-element elementor-element-4f78f1a elementor-widget__width-initial elementor-widget elementor-widget-html\" data-id=\"4f78f1a\" data-element_type=\"widget\" data-e-type=\"widget\" data-widget_type=\"html.default\">\n\t\t\t\t\t<div class=\"custom-section\" id=\"atelier-nuanua-apropos\">\n  <h1 class=\"custom-title\">\n    The history of <span class=\"highlight-blue\">L'Atelier Nuanua<\/span>\n  <\/h1>\n<\/div>\n\t\t\t\t<\/div>\n\t\t\t\t<\/div>\n\t\t<div class=\"elementor-element elementor-element-af2de04 e-con-full e-flex e-con e-parent\" data-id=\"af2de04\" data-element_type=\"container\" data-e-type=\"container\">\n\t\t\t\t<div class=\"elementor-element elementor-element-95e302b elementor-widget__width-initial elementor-widget elementor-widget-heading\" data-id=\"95e302b\" data-element_type=\"widget\" data-e-type=\"widget\" data-widget_type=\"heading.default\">\n\t\t\t\t\t<h2 class=\"elementor-heading-title elementor-size-default\">Arriving in Bora Bora in 2008, Lucie brought with her exceptional jewelry-making skills, dedicated to creating unique pieces. A graduate of a Brevet des M\u00e9tiers d'Art in jewelry-making, she had already distinguished herself in 2004 by winning the gold medal for Best Apprentice in France (Cher department) and the silver medal for the Centre region.<\/h2>\t\t\t\t<\/div>\n\t\t\t\t<\/div>\n\t\t<div class=\"elementor-element elementor-element-0ae4229 e-con-full e-flex e-con e-parent\" data-id=\"0ae4229\" data-element_type=\"container\" data-e-type=\"container\">\n\t\t<div class=\"elementor-element elementor-element-cf88cf6 e-con-full e-flex e-con e-child\" data-id=\"cf88cf6\" data-element_type=\"container\" data-e-type=\"container\">\n\t\t\t\t<div class=\"elementor-element elementor-element-0276b48 elementor-widget__width-initial elementor-widget elementor-widget-html\" data-id=\"0276b48\" data-element_type=\"widget\" data-e-type=\"widget\" data-widget_type=\"html.default\">\n\t\t\t\t\t<div class=\"custom-section\">\n  <h2 class=\"savoir-faire-title\">Exceptional expertise<\/h2>\n\n  <p class=\"custom-text\">\nShe then honed her skills at the prestigious Gay Fr\u00e8res workshops, creating the Alhambra collections for Van Cleef &amp; Arpels and jewelry for Louis Vuitton.\nIn Bora Bora, she perfected her art in luxury jewelry stores, creating from scratch exceptional jewelry adorned with Tahitian pearls.\n\n  <\/p>\n\n<\/div>\n\t\t\t\t<\/div>\n\t\t\t\t<\/div>\n\t\t<div class=\"elementor-element elementor-element-4df8e54 e-con-full e-flex e-con e-child\" data-id=\"4df8e54\" data-element_type=\"container\" data-e-type=\"container\">\n\t\t\t\t<div class=\"elementor-element elementor-element-a81afe3 elementor-widget elementor-widget-image\" data-id=\"a81afe3\" data-element_type=\"widget\" data-e-type=\"widget\" data-widget_type=\"image.default\">\n\t\t\t\t\t\t\t\t\t\t\t\t\t\t\t<img fetchpriority=\"high\" decoding=\"async\" width=\"1264\" height=\"1046\" src=\"https:\/\/lateliernuanuaborabora.com\/wp-content\/uploads\/2025\/10\/akay5fo3n7bpnwuwc8od.webp\" class=\"attachment-1536x1536 size-1536x1536 wp-image-4054\" alt=\"bijoux\" srcset=\"https:\/\/lateliernuanuaborabora.com\/wp-content\/uploads\/2025\/10\/akay5fo3n7bpnwuwc8od.webp 1264w, https:\/\/lateliernuanuaborabora.com\/wp-content\/uploads\/2025\/10\/akay5fo3n7bpnwuwc8od-300x248.webp 300w, https:\/\/lateliernuanuaborabora.com\/wp-content\/uploads\/2025\/10\/akay5fo3n7bpnwuwc8od-1024x847.webp 1024w, https:\/\/lateliernuanuaborabora.com\/wp-content\/uploads\/2025\/10\/akay5fo3n7bpnwuwc8od-768x636.webp 768w, https:\/\/lateliernuanuaborabora.com\/wp-content\/uploads\/2025\/10\/akay5fo3n7bpnwuwc8od-15x12.webp 15w\" sizes=\"(max-width: 1264px) 100vw, 1264px\" \/>\t\t\t\t\t\t\t\t\t\t\t\t\t\t\t<\/div>\n\t\t\t\t<\/div>\n\t\t\t\t<\/div>\n\t\t<div class=\"elementor-element elementor-element-a43ffc4 e-con-full e-flex e-con e-parent\" data-id=\"a43ffc4\" data-element_type=\"container\" data-e-type=\"container\">\n\t\t<div class=\"elementor-element elementor-element-dfa99a6 e-con-full e-flex e-con e-child\" data-id=\"dfa99a6\" data-element_type=\"container\" data-e-type=\"container\">\n\t\t\t\t<div class=\"elementor-element elementor-element-66561b8 elementor-widget__width-initial elementor-widget elementor-widget-html\" data-id=\"66561b8\" data-element_type=\"widget\" data-e-type=\"widget\" data-widget_type=\"html.default\">\n\t\t\t\t\t<div class=\"custom-section\">\n  <h2 class=\"savoir-faire-title\">The birth of the workshop<\/h2>\n\n  <p class=\"custom-text\">\nEight years later, in September 2016, she decided to fulfill her dream by founding her own workshop: L\u2019Atelier Nuanua (Nuanua meaning \u201celegant\u201d in Tahitian). \nThis intimate and welcoming space is designed as a true creative cocoon, where Lucie designs unique, high-end pieces as well as affordable costume jewelry, allowing everyone to find a piece of jewelry handcrafted to suit their style and budget.\n\n  <\/p>\n\n    <!-- Bouton -->\n  <a href=\"\/en\/nos-creations\/\" class=\"custom-section-button\">Discover our creations<\/a>\n<\/div>\n\t\t\t\t<\/div>\n\t\t\t\t<\/div>\n\t\t<div class=\"elementor-element elementor-element-390375c e-con-full e-flex e-con e-child\" data-id=\"390375c\" data-element_type=\"container\" data-e-type=\"container\">\n\t\t\t\t<div class=\"elementor-element elementor-element-4292640 elementor-widget elementor-widget-image\" data-id=\"4292640\" data-element_type=\"widget\" data-e-type=\"widget\" data-widget_type=\"image.default\">\n\t\t\t\t\t\t\t\t\t\t\t\t\t\t\t<img decoding=\"async\" width=\"1271\" height=\"1046\" src=\"https:\/\/lateliernuanuaborabora.com\/wp-content\/uploads\/2025\/10\/fbcycjt3yzjlvv3bus5f.webp\" class=\"attachment-1536x1536 size-1536x1536 wp-image-2190\" alt=\"bijoux\" srcset=\"https:\/\/lateliernuanuaborabora.com\/wp-content\/uploads\/2025\/10\/fbcycjt3yzjlvv3bus5f.webp 1271w, https:\/\/lateliernuanuaborabora.com\/wp-content\/uploads\/2025\/10\/fbcycjt3yzjlvv3bus5f-300x247.webp 300w, https:\/\/lateliernuanuaborabora.com\/wp-content\/uploads\/2025\/10\/fbcycjt3yzjlvv3bus5f-1024x843.webp 1024w, https:\/\/lateliernuanuaborabora.com\/wp-content\/uploads\/2025\/10\/fbcycjt3yzjlvv3bus5f-768x632.webp 768w, https:\/\/lateliernuanuaborabora.com\/wp-content\/uploads\/2025\/10\/fbcycjt3yzjlvv3bus5f-15x12.webp 15w\" sizes=\"(max-width: 1271px) 100vw, 1271px\" \/>\t\t\t\t\t\t\t\t\t\t\t\t\t\t\t<\/div>\n\t\t\t\t<\/div>\n\t\t\t\t<\/div>\n\t\t<div class=\"elementor-element elementor-element-c74e522 e-con-full elementor-hidden-desktop e-flex e-con e-parent\" data-id=\"c74e522\" data-element_type=\"container\" data-e-type=\"container\">\n\t\t<div class=\"elementor-element elementor-element-d227eb5 e-con-full e-flex e-con e-child\" data-id=\"d227eb5\" data-element_type=\"container\" data-e-type=\"container\">\n\t\t\t\t<div class=\"elementor-element elementor-element-6538627 elementor-widget__width-initial elementor-widget elementor-widget-html\" data-id=\"6538627\" data-element_type=\"widget\" data-e-type=\"widget\" data-widget_type=\"html.default\">\n\t\t\t\t\t<div class=\"custom-section\">\n  <h2 class=\"savoir-faire-title\">Custom-made creations<\/h2>\n\n  <p class=\"custom-text\">\nThe atmosphere of the workshop reflects the artist's deep intention: to offer personalized creations that touch on each customer's life experience. Recognized by residents and tourists alike for her talent and authenticity, Lucie pursues her primary goal: to showcase the pearl of Tahiti and assert her original style through elegant and timeless collections.\n  <\/p>\n<\/div>\n\t\t\t\t<\/div>\n\t\t\t\t<\/div>\n\t\t<div class=\"elementor-element elementor-element-04b7224 e-con-full e-flex e-con e-child\" data-id=\"04b7224\" data-element_type=\"container\" data-e-type=\"container\">\n\t\t\t\t<div class=\"elementor-element elementor-element-de4d077 elementor-widget elementor-widget-image\" data-id=\"de4d077\" data-element_type=\"widget\" data-e-type=\"widget\" data-widget_type=\"image.default\">\n\t\t\t\t\t\t\t\t\t\t\t\t\t\t\t<img decoding=\"async\" width=\"1264\" height=\"1046\" src=\"https:\/\/lateliernuanuaborabora.com\/wp-content\/uploads\/2025\/10\/tk3xjjmtasd9rdcjufbj.webp\" class=\"attachment-1536x1536 size-1536x1536 wp-image-2205\" alt=\"\" srcset=\"https:\/\/lateliernuanuaborabora.com\/wp-content\/uploads\/2025\/10\/tk3xjjmtasd9rdcjufbj.webp 1264w, https:\/\/lateliernuanuaborabora.com\/wp-content\/uploads\/2025\/10\/tk3xjjmtasd9rdcjufbj-300x248.webp 300w, https:\/\/lateliernuanuaborabora.com\/wp-content\/uploads\/2025\/10\/tk3xjjmtasd9rdcjufbj-1024x847.webp 1024w, https:\/\/lateliernuanuaborabora.com\/wp-content\/uploads\/2025\/10\/tk3xjjmtasd9rdcjufbj-768x636.webp 768w, https:\/\/lateliernuanuaborabora.com\/wp-content\/uploads\/2025\/10\/tk3xjjmtasd9rdcjufbj-15x12.webp 15w\" sizes=\"(max-width: 1264px) 100vw, 1264px\" \/>\t\t\t\t\t\t\t\t\t\t\t\t\t\t\t<\/div>\n\t\t\t\t<\/div>\n\t\t\t\t<\/div>\n\t\t<div class=\"elementor-element elementor-element-4572a28 e-con-full elementor-hidden-tablet elementor-hidden-mobile e-flex e-con e-parent\" data-id=\"4572a28\" data-element_type=\"container\" data-e-type=\"container\">\n\t\t\t\t<div class=\"elementor-element elementor-element-528fb8b elementor-widget__width-initial mon-texte elementor-widget elementor-widget-heading\" data-id=\"528fb8b\" data-element_type=\"widget\" data-e-type=\"widget\" data-widget_type=\"heading.default\">\n\t\t\t\t\t<h2 class=\"elementor-heading-title elementor-size-default\">Custom-made creations<\/h2>\t\t\t\t<\/div>\n\t\t\t\t<\/div>\n\t\t<div class=\"elementor-element elementor-element-559765b e-con-full elementor-hidden-tablet elementor-hidden-mobile e-flex e-con e-parent\" data-id=\"559765b\" data-element_type=\"container\" data-e-type=\"container\">\n\t\t\t\t<div class=\"elementor-element elementor-element-649bf68 elementor-widget__width-initial elementor-widget elementor-widget-heading\" data-id=\"649bf68\" data-element_type=\"widget\" data-e-type=\"widget\" data-widget_type=\"heading.default\">\n\t\t\t\t\t<h2 class=\"elementor-heading-title elementor-size-default\">The atmosphere of the workshop reflects the artist's deep intention: to offer personalized creations that touch on each customer's life experience. Recognized by residents and tourists alike for her talent and authenticity, Lucie pursues her primary goal: to showcase the pearl of Tahiti and assert her original style through elegant and timeless collections.<\/h2>\t\t\t\t<\/div>\n\t\t\t\t<\/div>\n\t\t<div class=\"elementor-element elementor-element-bc2641c e-con-full elementor-hidden-tablet elementor-hidden-mobile e-flex e-con e-parent\" data-id=\"bc2641c\" data-element_type=\"container\" data-e-type=\"container\">\n\t\t<div class=\"elementor-element elementor-element-95c35e2 e-con-full e-flex e-con e-child\" data-id=\"95c35e2\" data-element_type=\"container\" data-e-type=\"container\">\n\t\t\t\t<div class=\"elementor-element elementor-element-95ac34e elementor-widget elementor-widget-image\" data-id=\"95ac34e\" data-element_type=\"widget\" data-e-type=\"widget\" data-widget_type=\"image.default\">\n\t\t\t\t\t\t\t\t\t\t\t\t\t\t\t<img loading=\"lazy\" decoding=\"async\" width=\"494\" height=\"1024\" src=\"https:\/\/lateliernuanuaborabora.com\/wp-content\/uploads\/2025\/10\/qvcionuy5lgijiscguvm-494x1024.webp\" class=\"attachment-large size-large wp-image-2203\" alt=\"\" srcset=\"https:\/\/lateliernuanuaborabora.com\/wp-content\/uploads\/2025\/10\/qvcionuy5lgijiscguvm-494x1024.webp 494w, https:\/\/lateliernuanuaborabora.com\/wp-content\/uploads\/2025\/10\/qvcionuy5lgijiscguvm-145x300.webp 145w, https:\/\/lateliernuanuaborabora.com\/wp-content\/uploads\/2025\/10\/qvcionuy5lgijiscguvm-6x12.webp 6w, https:\/\/lateliernuanuaborabora.com\/wp-content\/uploads\/2025\/10\/qvcionuy5lgijiscguvm.webp 505w\" sizes=\"(max-width: 494px) 100vw, 494px\" \/>\t\t\t\t\t\t\t\t\t\t\t\t\t\t\t<\/div>\n\t\t\t\t<\/div>\n\t\t<div class=\"elementor-element elementor-element-b35d6e3 e-con-full e-flex e-con e-child\" data-id=\"b35d6e3\" data-element_type=\"container\" data-e-type=\"container\">\n\t\t\t\t<div class=\"elementor-element elementor-element-e39b91b elementor-widget elementor-widget-image\" data-id=\"e39b91b\" data-element_type=\"widget\" data-e-type=\"widget\" data-widget_type=\"image.default\">\n\t\t\t\t\t\t\t\t\t\t\t\t\t\t\t<img decoding=\"async\" width=\"1264\" height=\"1046\" src=\"https:\/\/lateliernuanuaborabora.com\/wp-content\/uploads\/2025\/10\/tk3xjjmtasd9rdcjufbj.webp\" class=\"attachment-1536x1536 size-1536x1536 wp-image-2205\" alt=\"\" srcset=\"https:\/\/lateliernuanuaborabora.com\/wp-content\/uploads\/2025\/10\/tk3xjjmtasd9rdcjufbj.webp 1264w, https:\/\/lateliernuanuaborabora.com\/wp-content\/uploads\/2025\/10\/tk3xjjmtasd9rdcjufbj-300x248.webp 300w, https:\/\/lateliernuanuaborabora.com\/wp-content\/uploads\/2025\/10\/tk3xjjmtasd9rdcjufbj-1024x847.webp 1024w, https:\/\/lateliernuanuaborabora.com\/wp-content\/uploads\/2025\/10\/tk3xjjmtasd9rdcjufbj-768x636.webp 768w, https:\/\/lateliernuanuaborabora.com\/wp-content\/uploads\/2025\/10\/tk3xjjmtasd9rdcjufbj-15x12.webp 15w\" sizes=\"(max-width: 1264px) 100vw, 1264px\" \/>\t\t\t\t\t\t\t\t\t\t\t\t\t\t\t<\/div>\n\t\t\t\t<\/div>\n\t\t\t\t<\/div>\n\t\t<div class=\"elementor-element elementor-element-6f0d028 e-con-full e-flex e-con e-parent\" data-id=\"6f0d028\" data-element_type=\"container\" data-e-type=\"container\">\n\t\t<div class=\"elementor-element elementor-element-86233c9 e-con-full e-flex e-con e-child\" data-id=\"86233c9\" data-element_type=\"container\" data-e-type=\"container\">\n\t\t\t\t<div class=\"elementor-element elementor-element-63aebfb elementor-widget__width-initial elementor-widget elementor-widget-html\" data-id=\"63aebfb\" data-element_type=\"widget\" data-e-type=\"widget\" data-widget_type=\"html.default\">\n\t\t\t\t\t<div class=\"custom-section\">\n  <h2 class=\"savoir-faire-title\">A unique showroom<\/h2>\n\n  <p class=\"custom-text\">\nOver the years, L\u2019Atelier Nuanua has become a unique showroom where every visitor feels privileged. Each piece of jewelry comes with a certificate of authenticity for the pearls used, a guarantee of transparency and quality.\n  <\/p>\n\n<\/div>\n\t\t\t\t<\/div>\n\t\t\t\t<\/div>\n\t\t<div class=\"elementor-element elementor-element-8261178 e-con-full e-flex e-con e-child\" data-id=\"8261178\" data-element_type=\"container\" data-e-type=\"container\">\n\t\t\t\t<div class=\"elementor-element elementor-element-1b6860e elementor-widget elementor-widget-image\" data-id=\"1b6860e\" data-element_type=\"widget\" data-e-type=\"widget\" data-widget_type=\"image.default\">\n\t\t\t\t\t\t\t\t\t\t\t\t\t\t\t<img loading=\"lazy\" decoding=\"async\" width=\"1271\" height=\"1046\" src=\"https:\/\/lateliernuanuaborabora.com\/wp-content\/uploads\/2026\/01\/About_5.webp\" class=\"attachment-1536x1536 size-1536x1536 wp-image-4884\" alt=\"\" srcset=\"https:\/\/lateliernuanuaborabora.com\/wp-content\/uploads\/2026\/01\/About_5.webp 1271w, https:\/\/lateliernuanuaborabora.com\/wp-content\/uploads\/2026\/01\/About_5-300x247.webp 300w, https:\/\/lateliernuanuaborabora.com\/wp-content\/uploads\/2026\/01\/About_5-1024x843.webp 1024w, https:\/\/lateliernuanuaborabora.com\/wp-content\/uploads\/2026\/01\/About_5-768x632.webp 768w, https:\/\/lateliernuanuaborabora.com\/wp-content\/uploads\/2026\/01\/About_5-15x12.webp 15w\" sizes=\"(max-width: 1271px) 100vw, 1271px\" \/>\t\t\t\t\t\t\t\t\t\t\t\t\t\t\t<\/div>\n\t\t\t\t<\/div>\n\t\t\t\t<\/div>\n\t\t<div class=\"elementor-element elementor-element-624fe67 e-con-full e-flex e-con e-parent\" data-id=\"624fe67\" data-element_type=\"container\" data-e-type=\"container\">\n\t\t<div class=\"elementor-element elementor-element-eb3ee75 e-con-full e-flex e-con e-child\" data-id=\"eb3ee75\" data-element_type=\"container\" data-e-type=\"container\">\n\t\t\t\t<div class=\"elementor-element elementor-element-3b90dd3 elementor-widget__width-initial elementor-widget elementor-widget-html\" data-id=\"3b90dd3\" data-element_type=\"widget\" data-e-type=\"widget\" data-widget_type=\"html.default\">\n\t\t\t\t\t<div class=\"custom-section\">\n  <h2 class=\"savoir-faire-title\">Our team<\/h2>\n\n  <p class=\"custom-text\">\nIn December 2022, Laurie joined Lucie at the Nuanua workshop, forming a close-knit and complementary duo dedicated to creating unique pieces.\nLucie, a passionate designer, imagines and crafts each piece of jewelry around the Tahitian pearl. \nAt her side, Laurie, a Tahitian pearl specialist since 2017, highlights these exceptional pieces and kindly guides you in your choices, respecting your desires and your budget. Present at every stage of the creative process, Laurie knows the history of each pearl and will be happy to share it with you. Her expert eye and attentive ear transform \nyour visit into a truly human encounter.\n\n\n  <\/p>\n\n<\/div>\n\t\t\t\t<\/div>\n\t\t\t\t<\/div>\n\t\t<div class=\"elementor-element elementor-element-52ac4ea e-con-full e-flex e-con e-child\" data-id=\"52ac4ea\" data-element_type=\"container\" data-e-type=\"container\">\n\t\t\t\t<div class=\"elementor-element elementor-element-02f7968 elementor-widget elementor-widget-image\" data-id=\"02f7968\" data-element_type=\"widget\" data-e-type=\"widget\" data-widget_type=\"image.default\">\n\t\t\t\t\t\t\t\t\t\t\t\t\t\t\t<img loading=\"lazy\" decoding=\"async\" width=\"1264\" height=\"1046\" src=\"https:\/\/lateliernuanuaborabora.com\/wp-content\/uploads\/2026\/01\/About_6.webp\" class=\"attachment-1536x1536 size-1536x1536 wp-image-4800\" alt=\"\" srcset=\"https:\/\/lateliernuanuaborabora.com\/wp-content\/uploads\/2026\/01\/About_6.webp 1264w, https:\/\/lateliernuanuaborabora.com\/wp-content\/uploads\/2026\/01\/About_6-300x248.webp 300w, https:\/\/lateliernuanuaborabora.com\/wp-content\/uploads\/2026\/01\/About_6-1024x847.webp 1024w, https:\/\/lateliernuanuaborabora.com\/wp-content\/uploads\/2026\/01\/About_6-768x636.webp 768w, https:\/\/lateliernuanuaborabora.com\/wp-content\/uploads\/2026\/01\/About_6-15x12.webp 15w\" sizes=\"(max-width: 1264px) 100vw, 1264px\" \/>\t\t\t\t\t\t\t\t\t\t\t\t\t\t\t<\/div>\n\t\t\t\t<\/div>\n\t\t\t\t<\/div>\n\t\t<div class=\"elementor-element elementor-element-78265c3 e-con-full e-flex e-con e-parent\" data-id=\"78265c3\" data-element_type=\"container\" data-e-type=\"container\">\n\t\t<div class=\"elementor-element elementor-element-7e14574 e-con-full e-flex e-con e-child\" data-id=\"7e14574\" data-element_type=\"container\" data-e-type=\"container\">\n\t\t\t\t<div class=\"elementor-element elementor-element-f3d2739 elementor-widget__width-initial elementor-widget elementor-widget-html\" data-id=\"f3d2739\" data-element_type=\"widget\" data-e-type=\"widget\" data-widget_type=\"html.default\">\n\t\t\t\t\t<div class=\"custom-section\">\n  <h2 class=\"savoir-faire-title\">The Nuanua spirit<\/h2>\n\n  <p class=\"custom-text\">\nMore than just a brand, L\u2019Atelier Nuanua is a sincere artisan workshop, where elegance meets honesty, and where each creation tells a story.\n\n  <\/p>\n\n<\/div>\n\t\t\t\t<\/div>\n\t\t\t\t<\/div>\n\t\t<div class=\"elementor-element elementor-element-299cfe6 e-con-full e-flex e-con e-child\" data-id=\"299cfe6\" data-element_type=\"container\" data-e-type=\"container\">\n\t\t\t\t<div class=\"elementor-element elementor-element-cbc3b22 elementor-widget elementor-widget-image\" data-id=\"cbc3b22\" data-element_type=\"widget\" data-e-type=\"widget\" data-widget_type=\"image.default\">\n\t\t\t\t\t\t\t\t\t\t\t\t\t\t\t<img loading=\"lazy\" decoding=\"async\" width=\"1272\" height=\"1046\" src=\"https:\/\/lateliernuanuaborabora.com\/wp-content\/uploads\/2025\/10\/jvzew7epugp01qwhul11.webp\" class=\"attachment-1536x1536 size-1536x1536 wp-image-2329\" alt=\"\" srcset=\"https:\/\/lateliernuanuaborabora.com\/wp-content\/uploads\/2025\/10\/jvzew7epugp01qwhul11.webp 1272w, https:\/\/lateliernuanuaborabora.com\/wp-content\/uploads\/2025\/10\/jvzew7epugp01qwhul11-300x247.webp 300w, https:\/\/lateliernuanuaborabora.com\/wp-content\/uploads\/2025\/10\/jvzew7epugp01qwhul11-1024x842.webp 1024w, https:\/\/lateliernuanuaborabora.com\/wp-content\/uploads\/2025\/10\/jvzew7epugp01qwhul11-768x632.webp 768w, https:\/\/lateliernuanuaborabora.com\/wp-content\/uploads\/2025\/10\/jvzew7epugp01qwhul11-15x12.webp 15w\" sizes=\"(max-width: 1272px) 100vw, 1272px\" \/>\t\t\t\t\t\t\t\t\t\t\t\t\t\t\t<\/div>\n\t\t\t\t<\/div>\n\t\t\t\t<\/div>\n\t\t\t\t<\/div>","protected":false},"excerpt":{"rendered":"<p>L&rsquo;histoire de L&rsquo;Atelier Nuanua Arriv\u00e9e \u00e0 Bora Bora en 2008, Lucie apporte avec elle un savoir-faire de bijoutier d\u2019exception, d\u00e9di\u00e9 \u00e0 la cr\u00e9ation de bijoux uniques. Dipl\u00f4m\u00e9e d\u2019un Brevet des M\u00e9tiers d\u2019Art en bijouterie-joaillerie, elle s\u2019\u00e9tait d\u00e9j\u00e0 distingu\u00e9e en 2004 en obtenant la m\u00e9daille d\u2019or du Meilleur Apprenti de France (d\u00e9partement du Cher) et la [&hellip;]<\/p>\n","protected":false},"author":1,"featured_media":0,"parent":0,"menu_order":0,"comment_status":"closed","ping_status":"closed","template":"","meta":{"footnotes":""},"class_list":["post-775","page","type-page","status-publish","hentry","entry"],"_hostinger_reach_plugin_has_subscription_block":false,"_hostinger_reach_plugin_is_elementor":false,"_links":{"self":[{"href":"https:\/\/lateliernuanuaborabora.com\/en\/wp-json\/wp\/v2\/pages\/775","targetHints":{"allow":["GET"]}}],"collection":[{"href":"https:\/\/lateliernuanuaborabora.com\/en\/wp-json\/wp\/v2\/pages"}],"about":[{"href":"https:\/\/lateliernuanuaborabora.com\/en\/wp-json\/wp\/v2\/types\/page"}],"author":[{"embeddable":true,"href":"https:\/\/lateliernuanuaborabora.com\/en\/wp-json\/wp\/v2\/users\/1"}],"replies":[{"embeddable":true,"href":"https:\/\/lateliernuanuaborabora.com\/en\/wp-json\/wp\/v2\/comments?post=775"}],"version-history":[{"count":240,"href":"https:\/\/lateliernuanuaborabora.com\/en\/wp-json\/wp\/v2\/pages\/775\/revisions"}],"predecessor-version":[{"id":4889,"href":"https:\/\/lateliernuanuaborabora.com\/en\/wp-json\/wp\/v2\/pages\/775\/revisions\/4889"}],"wp:attachment":[{"href":"https:\/\/lateliernuanuaborabora.com\/en\/wp-json\/wp\/v2\/media?parent=775"}],"curies":[{"name":"wp","href":"https:\/\/api.w.org\/{rel}","templated":true}]}}