{"id":4915,"date":"2026-02-01T03:02:43","date_gmt":"2026-02-01T03:02:43","guid":{"rendered":"https:\/\/lateliernuanuaborabora.com\/?page_id=4915"},"modified":"2026-02-01T03:26:07","modified_gmt":"2026-02-01T03:26:07","slug":"politique","status":"publish","type":"page","link":"https:\/\/lateliernuanuaborabora.com\/en\/politique\/","title":{"rendered":"Privacy Policy"},"content":{"rendered":"<div data-elementor-type=\"wp-page\" data-elementor-id=\"4915\" class=\"elementor elementor-4915\">\n\t\t\t\t<div class=\"elementor-element elementor-element-30d47d6 e-con-full e-flex e-con e-parent\" data-id=\"30d47d6\" data-element_type=\"container\" data-e-type=\"container\">\n\t\t\t\t<div class=\"elementor-element elementor-element-4f78f1a elementor-widget__width-initial elementor-widget elementor-widget-html\" data-id=\"4f78f1a\" data-element_type=\"widget\" data-e-type=\"widget\" data-widget_type=\"html.default\">\n\t\t\t\t\t<div class=\"custom-section\" id=\"atelier-nuanua-apropos\"> \n  <h1 class=\"custom-title\">\nPrivacy Policy\n  <\/h1>\n<\/div>\n\t\t\t\t<\/div>\n\t\t\t\t<\/div>\n\t\t<div class=\"elementor-element elementor-element-94e2a03 e-con-full e-flex e-con e-parent\" data-id=\"94e2a03\" data-element_type=\"container\" data-e-type=\"container\">\n\t\t\t\t<div class=\"elementor-element elementor-element-c0a0da7 elementor-widget__width-initial elementor-widget elementor-widget-html\" data-id=\"c0a0da7\" data-element_type=\"widget\" data-e-type=\"widget\" data-widget_type=\"html.default\">\n\t\t\t\t\t<style>\n.custom-text { \n    font-family: 'Avenir', 'Helvetica Neue', Helvetica, Arial, sans-serif; \n    color: #ffffff; \n    font-size: 16px; \n    line-height: 1.6; \n    margin: 0 0 40px 0; \n    text-align: left; \n    word-wrap: break-word; \n}\n<\/style>\n\n<div class=\"custom-text\">\n    <p>\nThe purpose of this privacy policy is to inform users of the website <a href=\"https:\/\/lateliernuanuaborabora.com\/en\/\">www.lateliernuanuaborabora.com<\/a> how their personal data is collected, used, and protected by L\u2019Atelier Nuanua Bora Bora.\n\n    <\/p>\n<\/div>\n\t\t\t\t<\/div>\n\t\t\t\t<\/div>\n\t\t<div class=\"elementor-element elementor-element-af2de04 e-con-full e-flex e-con e-parent\" data-id=\"af2de04\" data-element_type=\"container\" data-e-type=\"container\">\n\t\t\t\t<div class=\"elementor-element elementor-element-95e302b elementor-widget__width-initial elementor-widget elementor-widget-heading\" data-id=\"95e302b\" data-element_type=\"widget\" data-e-type=\"widget\" data-widget_type=\"heading.default\">\n\t\t\t\t\t<h2 class=\"elementor-heading-title elementor-size-default\">1. Data controller<\/h2>\t\t\t\t<\/div>\n\t\t\t\t<\/div>\n\t\t<div class=\"elementor-element elementor-element-4378963 e-con-full e-flex e-con e-parent\" data-id=\"4378963\" data-element_type=\"container\" data-e-type=\"container\">\n\t\t\t\t<div class=\"elementor-element elementor-element-c1eab87 elementor-widget__width-initial elementor-widget elementor-widget-html\" data-id=\"c1eab87\" data-element_type=\"widget\" data-e-type=\"widget\" data-widget_type=\"html.default\">\n\t\t\t\t\t<style>\n.custom-text { \n    font-family: 'Avenir', 'Helvetica Neue', Helvetica, Arial, sans-serif; \n    color: #ffffff; \n    font-size: 16px; \n    line-height: 1.6; \n    margin: 0 0 40px 0; \n    text-align: left; \n    word-wrap: break-word; \n}\n<\/style>\n\n<div class=\"custom-text\">\n    <p>\n          \nThe person responsible for processing personal data is:\n    <\/p>\n      <p>\n        The Nuanua Workshop Bora Bora<br>\n        Jewelry artisan: Lucie Bellier<br>\n        Address:  BP558 98730 Bora Bora PF<br>\n        Registration number (TAHITI No.): B35985<br>\n        Contact: \n        <span class=\"contact-email\" id=\"copy-email\" title=\"Cliquer pour copier l'email\">latelier.nuanua@gmail.com<\/span> \n        <span class=\"contact-number\" id=\"copy-number\" title=\"Cliquer pour copier le num\u00e9ro\">+689 87 29 91 86<\/span>\n    <\/p>\n\n<\/div>\n\n<script>\nfunction setupClickToCopy(id, successMessage) {\n    const element = document.getElementById(id);\n    element.addEventListener('click', function() {\n        const textToCopy = this.innerText;\n        navigator.clipboard.writeText(textToCopy).then(() => {\n            const originalText = this.innerHTML;\n            this.innerText = successMessage;\n            setTimeout(() => {\n                this.innerText = textToCopy;\n            }, 2000);\n        });\n    });\n}\n\n\/\/ Activation pour l'email et le num\u00e9ro\nsetupClickToCopy('copy-email', 'E-mail copi\u00e9 !');\nsetupClickToCopy('copy-number', 'Num\u00e9ro copi\u00e9 !');\n<\/script>\t\t\t\t<\/div>\n\t\t\t\t<\/div>\n\t\t<div class=\"elementor-element elementor-element-199f0d5 e-con-full e-flex e-con e-parent\" data-id=\"199f0d5\" data-element_type=\"container\" data-e-type=\"container\">\n\t\t\t\t<div class=\"elementor-element elementor-element-7cc409a elementor-widget__width-initial elementor-widget elementor-widget-heading\" data-id=\"7cc409a\" data-element_type=\"widget\" data-e-type=\"widget\" data-widget_type=\"heading.default\">\n\t\t\t\t\t<h2 class=\"elementor-heading-title elementor-size-default\">2. Personal data collected\n<\/h2>\t\t\t\t<\/div>\n\t\t\t\t<\/div>\n\t\t<div class=\"elementor-element elementor-element-610a0ba e-con-full e-flex e-con e-parent\" data-id=\"610a0ba\" data-element_type=\"container\" data-e-type=\"container\">\n\t\t\t\t<div class=\"elementor-element elementor-element-e90da8b elementor-widget__width-initial elementor-widget elementor-widget-html\" data-id=\"e90da8b\" data-element_type=\"widget\" data-e-type=\"widget\" data-widget_type=\"html.default\">\n\t\t\t\t\t<style>\r\n.custom-text { \r\n    font-family: 'Avenir', 'Helvetica Neue', Helvetica, Arial, sans-serif; \r\n    color: #ffffff; \r\n    font-size: 16px; \r\n    line-height: 1.6; \r\n    margin: 0 0 40px 0; \r\n    text-align: left; \r\n    word-wrap: break-word; \r\n}\r\n\r\n\/* --- AJOUTE CECI --- *\/\r\n.custom-text a {\r\n    color: #ffffff !important; \/* Force le lien \u00e0 \u00eatre blanc *\/\r\n    text-decoration: none;     \/* Enl\u00e8ve le soulignement (optionnel) *\/\r\n}\r\n\r\n\/* Optionnel : Si tu veux qu'il change de couleur au survol *\/\r\n.custom-text a:hover {\r\n    color: #57C4C5 !important; \/* Devient bleu turquoise au survol par exemple *\/\r\n}\r\n<\/style>\r\n\r\n<div class=\"custom-text\">\r\n    <div class=\"cgv-list\">\r\n        <p class=\"intro-text\">\r\nThe website <a href=\"https:\/\/lateliernuanuaborabora.com\/en\/\">www.lateliernuanuaborabora.com<\/a> is a showcase website.\r\n\r\n        <\/p>\r\n\r\n        <span class=\"section-text\">As such, only data that is strictly necessary is likely to be collected, in particular when the user:<\/span>\r\n        <ul>\r\n            <li>Fills out a contact form,<\/li>\r\n            <li>Send a message by email,<\/li>\r\n               <li>Submit a request for information or a custom order.\r\n<\/li>\r\n        <\/ul>\r\n\r\n        <span class=\"section-text\">The data collected may include:\r\n<\/span>\r\n        <ul>\r\n            <li>First and last name,<\/li>\r\n            <li>Email address,\r\n<\/li>\r\n            <li>Phone number,\r\n<\/li>\r\n<li>Message content.\r\n\r\n<\/li>\r\n        <\/ul>\r\n                <span class=\"section-text\">No sensitive data is collected.\r\n<\/span>\r\n    <\/div>\r\n<\/div>\t\t\t\t<\/div>\n\t\t\t\t<\/div>\n\t\t<div class=\"elementor-element elementor-element-a8144a3 e-con-full e-flex e-con e-parent\" data-id=\"a8144a3\" data-element_type=\"container\" data-e-type=\"container\">\n\t\t\t\t<div class=\"elementor-element elementor-element-bed75b0 elementor-widget__width-initial elementor-widget elementor-widget-heading\" data-id=\"bed75b0\" data-element_type=\"widget\" data-e-type=\"widget\" data-widget_type=\"heading.default\">\n\t\t\t\t\t<h2 class=\"elementor-heading-title elementor-size-default\">3. Purpose of collection\n<\/h2>\t\t\t\t<\/div>\n\t\t\t\t<\/div>\n\t\t<div class=\"elementor-element elementor-element-3e59012 e-con-full e-flex e-con e-parent\" data-id=\"3e59012\" data-element_type=\"container\" data-e-type=\"container\">\n\t\t\t\t<div class=\"elementor-element elementor-element-a4cd50d elementor-widget__width-initial elementor-widget elementor-widget-html\" data-id=\"a4cd50d\" data-element_type=\"widget\" data-e-type=\"widget\" data-widget_type=\"html.default\">\n\t\t\t\t\t<style>\r\n.custom-text { \r\n    font-family: 'Avenir', 'Helvetica Neue', Helvetica, Arial, sans-serif; \r\n    color: #ffffff; \r\n    font-size: 16px; \r\n    line-height: 1.6; \r\n    margin: 0 0 40px 0; \r\n    text-align: left; \r\n    word-wrap: break-word; \r\n}\r\n\r\n\/* On supprime la marge automatique sous l'intro pour coller la suite *\/\r\n.intro-text {\r\n    margin-bottom: 0px;\r\n}\r\n\r\n.section-title {\r\n    display: block;\r\n    font-weight: bold;\r\n    font-size: 19px;\r\n    margin-top: 15px; \/* Espace r\u00e9duit au dessus du titre *\/\r\n    margin-bottom: 5px; \r\n}\r\n\r\n\/* Style pour le premier titre de la liste afin qu'il soit plus proche de l'intro *\/\r\n.cgv-list .section-title:first-of-type {\r\n    margin-top: 10px;\r\n}\r\n\r\n.cgv-list ul {\r\n    list-style-type: none;\r\n    padding: 0;\r\n    margin: 0; \r\n}\r\n\r\n.cgv-list li {\r\n    margin-bottom: 5px;\r\n    position: relative;\r\n    padding-left: 20px;\r\n}\r\n\r\n.cgv-list li::before {\r\n    content: \"\u2022\";\r\n    position: absolute;\r\n    left: 0;\r\n}\r\n<\/style>\r\n\r\n<div class=\"custom-text\">\r\n    <div class=\"cgv-list\">\r\n\r\n        <span class=\"section-text\">Personal data is collected solely for the following purposes:<\/span>\r\n        <ul>\r\n            <li>Respond to contact or information requests,\r\n<\/li>\r\n            <li>Exchange in the context of a request for creation or custom order,\r\n<\/li>\r\n               <li>Follow up on communications with customers and prospects.\r\n<\/li>\r\n        <\/ul>\r\n\r\n        <span class=\"section-text\">The data is not used for automated commercial purposes or passed on to third parties under any circumstances.\r\n\r\n<\/span>\r\n    <\/div>\r\n<\/div>\t\t\t\t<\/div>\n\t\t\t\t<\/div>\n\t\t<div class=\"elementor-element elementor-element-20e0b5e e-con-full e-flex e-con e-parent\" data-id=\"20e0b5e\" data-element_type=\"container\" data-e-type=\"container\">\n\t\t\t\t<div class=\"elementor-element elementor-element-b53a2eb elementor-widget__width-initial elementor-widget elementor-widget-heading\" data-id=\"b53a2eb\" data-element_type=\"widget\" data-e-type=\"widget\" data-widget_type=\"heading.default\">\n\t\t\t\t\t<h2 class=\"elementor-heading-title elementor-size-default\">4. Data retention<\/h2>\t\t\t\t<\/div>\n\t\t\t\t<\/div>\n\t\t<div class=\"elementor-element elementor-element-7cda268 e-con-full e-flex e-con e-parent\" data-id=\"7cda268\" data-element_type=\"container\" data-e-type=\"container\">\n\t\t\t\t<div class=\"elementor-element elementor-element-d2b1e52 elementor-widget__width-initial elementor-widget elementor-widget-html\" data-id=\"d2b1e52\" data-element_type=\"widget\" data-e-type=\"widget\" data-widget_type=\"html.default\">\n\t\t\t\t\t<style>\n.custom-text { \n    font-family: 'Avenir', 'Helvetica Neue', Helvetica, Arial, sans-serif; \n    color: #ffffff; \n    font-size: 16px; \n    line-height: 1.6; \n    margin: 0 0 40px 0; \n    text-align: left; \n    word-wrap: break-word; \n}\n<\/style>\n\n<div class=\"custom-text\">\n    <p>\nPersonal data is retained only for the period necessary to process requests and for any commercial relationship, and is then deleted or archived securely.\n\n    <\/p>\n<\/div>\n\t\t\t\t<\/div>\n\t\t\t\t<\/div>\n\t\t<div class=\"elementor-element elementor-element-34b5f50 e-con-full e-flex e-con e-parent\" data-id=\"34b5f50\" data-element_type=\"container\" data-e-type=\"container\">\n\t\t\t\t<div class=\"elementor-element elementor-element-21b6e36 elementor-widget__width-initial elementor-widget elementor-widget-heading\" data-id=\"21b6e36\" data-element_type=\"widget\" data-e-type=\"widget\" data-widget_type=\"heading.default\">\n\t\t\t\t\t<h2 class=\"elementor-heading-title elementor-size-default\">5. Data sharing\n\n<\/h2>\t\t\t\t<\/div>\n\t\t\t\t<\/div>\n\t\t<div class=\"elementor-element elementor-element-6265fb2 e-con-full e-flex e-con e-parent\" data-id=\"6265fb2\" data-element_type=\"container\" data-e-type=\"container\">\n\t\t\t\t<div class=\"elementor-element elementor-element-b3f6d87 elementor-widget__width-initial elementor-widget elementor-widget-html\" data-id=\"b3f6d87\" data-element_type=\"widget\" data-e-type=\"widget\" data-widget_type=\"html.default\">\n\t\t\t\t\t<style>\n.custom-text { \n    font-family: 'Avenir', 'Helvetica Neue', Helvetica, Arial, sans-serif; \n    color: #ffffff; \n    font-size: 16px; \n    line-height: 1.6; \n    margin: 0 0 40px 0; \n    text-align: left; \n    word-wrap: break-word; \n}\n<\/style>\n\n<div class=\"custom-text\">\n    <p>\nThe data collected is strictly confidential and intended exclusively for L\u2019Atelier Nuanua Bora Bora.\n<br>\nThey are not sold, rented, or transferred to third parties, except where legally required.\n\n<\/p>\n<\/div>\n\t\t\t\t<\/div>\n\t\t\t\t<\/div>\n\t\t<div class=\"elementor-element elementor-element-959b7fa e-con-full e-flex e-con e-parent\" data-id=\"959b7fa\" data-element_type=\"container\" data-e-type=\"container\">\n\t\t\t\t<div class=\"elementor-element elementor-element-0250ddc elementor-widget__width-initial elementor-widget elementor-widget-heading\" data-id=\"0250ddc\" data-element_type=\"widget\" data-e-type=\"widget\" data-widget_type=\"heading.default\">\n\t\t\t\t\t<h2 class=\"elementor-heading-title elementor-size-default\">6. User rights\n\n\n<\/h2>\t\t\t\t<\/div>\n\t\t\t\t<\/div>\n\t\t<div class=\"elementor-element elementor-element-9da9ed9 e-con-full e-flex e-con e-parent\" data-id=\"9da9ed9\" data-element_type=\"container\" data-e-type=\"container\">\n\t\t\t\t<div class=\"elementor-element elementor-element-8a4138d elementor-widget__width-initial elementor-widget elementor-widget-html\" data-id=\"8a4138d\" data-element_type=\"widget\" data-e-type=\"widget\" data-widget_type=\"html.default\">\n\t\t\t\t\t<style>\r\n.custom-text { \r\n    font-family: 'Avenir', 'Helvetica Neue', Helvetica, Arial, sans-serif; \r\n    color: #ffffff; \r\n    font-size: 16px; \r\n    line-height: 1.6; \r\n    margin: 0 0 40px 0; \r\n    text-align: left; \r\n    word-wrap: break-word; \r\n}\r\n\r\n\/* On supprime la marge automatique sous l'intro pour coller la suite *\/\r\n.intro-text {\r\n    margin-bottom: 0px;\r\n}\r\n\r\n.section-title {\r\n    display: block;\r\n    font-weight: bold;\r\n    font-size: 19px;\r\n    margin-top: 15px; \/* Espace r\u00e9duit au dessus du titre *\/\r\n    margin-bottom: 5px; \r\n}\r\n\r\n\/* Style pour le premier titre de la liste afin qu'il soit plus proche de l'intro *\/\r\n.cgv-list .section-title:first-of-type {\r\n    margin-top: 10px;\r\n}\r\n\r\n.cgv-list ul {\r\n    list-style-type: none;\r\n    padding: 0;\r\n    margin: 0; \r\n}\r\n\r\n.cgv-list li {\r\n    margin-bottom: 5px;\r\n    position: relative;\r\n    padding-left: 20px;\r\n}\r\n\r\n.cgv-list li::before {\r\n    content: \"\u2022\";\r\n    position: absolute;\r\n    left: 0;\r\n}\r\n<\/style>\r\n\r\n<div class=\"custom-text\">\r\n    <div class=\"cgv-list\">\r\n\r\n        <span class=\"section-text\">In accordance with current regulations, each user has the following rights regarding their personal data:\r\n<\/span>\r\n        <ul>\r\n            <li>Right of access,\r\n\r\n<\/li>\r\n            <li>Right of rectification,\r\n<\/li>\r\n               <li>Right to erasure,\r\n\r\n<\/li>\r\n               <li>Right to object to processing.\r\n\r\n\r\n<\/li>\r\n        <\/ul>\r\n\r\n        <span class=\"section-text\">To exercise these rights, users may contact L\u2019Atelier Nuanua Bora Bora by email at the following address:\r\n        <span class=\"contact-email\" id=\"copy-email\" title=\"Cliquer pour copier l'email\">latelier.nuanua@gmail.com<\/span> \r\n\r\n\r\n<\/span>\r\n    <\/div>\r\n<\/div>\r\n\r\n<script>\r\nfunction setupClickToCopy(id, successMessage) {\r\n    const element = document.getElementById(id);\r\n    element.addEventListener('click', function() {\r\n        const textToCopy = this.innerText;\r\n        navigator.clipboard.writeText(textToCopy).then(() => {\r\n            const originalText = this.innerHTML;\r\n            this.innerText = successMessage;\r\n            setTimeout(() => {\r\n                this.innerText = textToCopy;\r\n            }, 2000);\r\n        });\r\n    });\r\n}\r\n\r\n\/\/ Activation pour l'email et le num\u00e9ro\r\nsetupClickToCopy('copy-email', 'E-mail copi\u00e9 !');\r\n\r\n<\/script>\t\t\t\t<\/div>\n\t\t\t\t<\/div>\n\t\t<div class=\"elementor-element elementor-element-721245a e-con-full e-flex e-con e-parent\" data-id=\"721245a\" data-element_type=\"container\" data-e-type=\"container\">\n\t\t\t\t<div class=\"elementor-element elementor-element-a4ee986 elementor-widget__width-initial elementor-widget elementor-widget-heading\" data-id=\"a4ee986\" data-element_type=\"widget\" data-e-type=\"widget\" data-widget_type=\"heading.default\">\n\t\t\t\t\t<h2 class=\"elementor-heading-title elementor-size-default\">7. Data security\n\n\n\n<\/h2>\t\t\t\t<\/div>\n\t\t\t\t<\/div>\n\t\t<div class=\"elementor-element elementor-element-ecec6e7 e-con-full e-flex e-con e-parent\" data-id=\"ecec6e7\" data-element_type=\"container\" data-e-type=\"container\">\n\t\t\t\t<div class=\"elementor-element elementor-element-079da47 elementor-widget__width-initial elementor-widget elementor-widget-html\" data-id=\"079da47\" data-element_type=\"widget\" data-e-type=\"widget\" data-widget_type=\"html.default\">\n\t\t\t\t\t<style>\n.custom-text { \n    font-family: 'Avenir', 'Helvetica Neue', Helvetica, Arial, sans-serif; \n    color: #ffffff; \n    font-size: 16px; \n    line-height: 1.6; \n    margin: 0 0 40px 0; \n    text-align: left; \n    word-wrap: break-word; \n}\n<\/style>\n\n<div class=\"custom-text\">\n    <p>\nAtelier Nuanua Bora Bora is committed to implementing all appropriate technical and organizational measures to protect personal data against loss, unauthorized access, or disclosure.\n\n    <\/p>\n<\/div>\n\t\t\t\t<\/div>\n\t\t\t\t<\/div>\n\t\t<div class=\"elementor-element elementor-element-fe253da e-con-full e-flex e-con e-parent\" data-id=\"fe253da\" data-element_type=\"container\" data-e-type=\"container\">\n\t\t\t\t<div class=\"elementor-element elementor-element-802d4b7 elementor-widget__width-initial elementor-widget elementor-widget-heading\" data-id=\"802d4b7\" data-element_type=\"widget\" data-e-type=\"widget\" data-widget_type=\"heading.default\">\n\t\t\t\t\t<h2 class=\"elementor-heading-title elementor-size-default\">8. Cookies\n\n\n<\/h2>\t\t\t\t<\/div>\n\t\t\t\t<\/div>\n\t\t<div class=\"elementor-element elementor-element-152fa93 e-con-full e-flex e-con e-parent\" data-id=\"152fa93\" data-element_type=\"container\" data-e-type=\"container\">\n\t\t\t\t<div class=\"elementor-element elementor-element-ce52c8c elementor-widget__width-initial elementor-widget elementor-widget-html\" data-id=\"ce52c8c\" data-element_type=\"widget\" data-e-type=\"widget\" data-widget_type=\"html.default\">\n\t\t\t\t\t<style>\n.custom-text { \n    font-family: 'Avenir', 'Helvetica Neue', Helvetica, Arial, sans-serif; \n    color: #ffffff; \n    font-size: 16px; \n    line-height: 1.6; \n    margin: 0 0 40px 0; \n    text-align: left; \n    word-wrap: break-word; \n}\n<\/style>\n\n<div class=\"custom-text\">\n    <p>\nThe site may use cookies that are strictly necessary for its proper functioning or for audience measurement purposes.\n<br>\nUsers can configure, accept, or refuse cookies at any time by changing their web browser settings.\n\n<\/p>\n<\/div>\n\t\t\t\t<\/div>\n\t\t\t\t<\/div>\n\t\t<div class=\"elementor-element elementor-element-5075a82 e-con-full e-flex e-con e-parent\" data-id=\"5075a82\" data-element_type=\"container\" data-e-type=\"container\">\n\t\t\t\t<div class=\"elementor-element elementor-element-e88cc52 elementor-widget__width-initial elementor-widget elementor-widget-heading\" data-id=\"e88cc52\" data-element_type=\"widget\" data-e-type=\"widget\" data-widget_type=\"heading.default\">\n\t\t\t\t\t<h2 class=\"elementor-heading-title elementor-size-default\">9. Changes to the Privacy Policy\n\n<\/h2>\t\t\t\t<\/div>\n\t\t\t\t<\/div>\n\t\t<div class=\"elementor-element elementor-element-a599b8b e-con-full e-flex e-con e-parent\" data-id=\"a599b8b\" data-element_type=\"container\" data-e-type=\"container\">\n\t\t\t\t<div class=\"elementor-element elementor-element-4974c93 elementor-widget__width-initial elementor-widget elementor-widget-html\" data-id=\"4974c93\" data-element_type=\"widget\" data-e-type=\"widget\" data-widget_type=\"html.default\">\n\t\t\t\t\t<style>\n.custom-text { \n    font-family: 'Avenir', 'Helvetica Neue', Helvetica, Arial, sans-serif; \n    color: #ffffff; \n    font-size: 16px; \n    line-height: 1.6; \n    margin: 0 0 40px 0; \n    text-align: left; \n    word-wrap: break-word; \n}\n<\/style>\n\n<div class=\"custom-text\">\n    <p>\nThis privacy policy may be amended at any time in order to remain compliant with current legislation.\n\n<br>\nUsers are encouraged to consult it regularly.\n\n<\/p>\n<\/div>\n\t\t\t\t<\/div>\n\t\t\t\t<\/div>\n\t\t<div class=\"elementor-element elementor-element-712ceb3 e-con-full e-flex e-con e-parent\" data-id=\"712ceb3\" data-element_type=\"container\" data-e-type=\"container\">\n\t\t\t\t<div class=\"elementor-element elementor-element-729e617 elementor-widget__width-initial elementor-widget elementor-widget-heading\" data-id=\"729e617\" data-element_type=\"widget\" data-e-type=\"widget\" data-widget_type=\"heading.default\">\n\t\t\t\t\t<h2 class=\"elementor-heading-title elementor-size-default\">10. Newsletter<\/h2>\t\t\t\t<\/div>\n\t\t\t\t<\/div>\n\t\t<div class=\"elementor-element elementor-element-ccc86d1 e-con-full e-flex e-con e-parent\" data-id=\"ccc86d1\" data-element_type=\"container\" data-e-type=\"container\">\n\t\t\t\t<div class=\"elementor-element elementor-element-734636e elementor-widget__width-initial elementor-widget elementor-widget-html\" data-id=\"734636e\" data-element_type=\"widget\" data-e-type=\"widget\" data-widget_type=\"html.default\">\n\t\t\t\t\t<style>\r\n.custom-text { \r\n    font-family: 'Avenir', 'Helvetica Neue', Helvetica, Arial, sans-serif; \r\n    color: #ffffff; \r\n    font-size: 16px; \r\n    line-height: 1.6; \r\n    margin: 0 0 40px 0; \r\n    text-align: left; \r\n    word-wrap: break-word; \r\n}\r\n\r\n\/* On supprime la marge automatique sous l'intro pour coller la suite *\/\r\n.intro-text {\r\n    margin-bottom: 0px;\r\n}\r\n\r\n.section-title {\r\n    display: block;\r\n    font-weight: bold;\r\n    font-size: 19px;\r\n    margin-top: 15px; \/* Espace r\u00e9duit au dessus du titre *\/\r\n    margin-bottom: 5px; \r\n}\r\n\r\n\/* Style pour le premier titre de la liste afin qu'il soit plus proche de l'intro *\/\r\n.cgv-list .section-title:first-of-type {\r\n    margin-top: 10px;\r\n}\r\n\r\n.cgv-list ul {\r\n    list-style-type: none;\r\n    padding: 0;\r\n    margin: 0; \r\n}\r\n\r\n.cgv-list li {\r\n    margin-bottom: 5px;\r\n    position: relative;\r\n    padding-left: 20px;\r\n}\r\n\r\n.cgv-list li::before {\r\n    content: \"\u2022\";\r\n    position: absolute;\r\n    left: 0;\r\n}\r\n<\/style>\r\n\r\n<div class=\"custom-text\">\r\n    <div class=\"cgv-list\">\r\n        <p class=\"intro-text\">\r\nAtelier Nuanua Bora Bora can provide a newsletter with information about the workshop, its world, its creations, and its latest news.\r\n      <\/p>\r\n      <br>\r\nSubscribing to the newsletter is optional and can only be done with the user's explicit consent.\r\n     <br>\r\n  \r\n\r\n        <span class=\"section-text\">The data collected in this context are:\r\n<\/span>\r\n        <ul>\r\n            <li>Email address,\r\n<\/li>\r\n            <li>Possibly first name.\r\n<\/li>\r\n        <\/ul>\r\n<br>\r\n        <span class=\"section-text\">This data is used exclusively for sending communications from Atelier Nuanua Bora Bora and is never shared with third parties.<br>\r\n        Users may unsubscribe at any time:\r\n\r\n\r\n<\/span>\r\n        <ul>\r\n            <li>Via the unsubscribe link in each email,\r\n<\/li>\r\n            <li>Or by sending a request to:      <span class=\"contact-email\" id=\"copy-email\" title=\"Cliquer pour copier l'email\">latelier.nuanua@gmail.com<\/span> <\/li>\r\n\r\n        <\/ul>\r\n\r\n\r\n        <p style=\"margin: 0 0 5px 0;\">Data related to the newsletter is retained until the user unsubscribes.\r\n<\/p>\r\n    <\/div>\r\n<\/div>\r\n<script>\r\nfunction setupClickToCopy(id, successMessage) {\r\n    const element = document.getElementById(id);\r\n    element.addEventListener('click', function() {\r\n        const textToCopy = this.innerText;\r\n        navigator.clipboard.writeText(textToCopy).then(() => {\r\n            const originalText = this.innerHTML;\r\n            this.innerText = successMessage;\r\n            setTimeout(() => {\r\n                this.innerText = textToCopy;\r\n            }, 2000);\r\n        });\r\n    });\r\n}\r\n\r\n\/\/ Activation pour l'email et le num\u00e9ro\r\nsetupClickToCopy('copy-email', 'E-mail copi\u00e9 !');\r\n<\/script>\t\t\t\t<\/div>\n\t\t\t\t<\/div>\n\t\t\t\t<\/div>","protected":false},"excerpt":{"rendered":"<p>Politique de confidentialit\u00e9 La pr\u00e9sente politique de confidentialit\u00e9 a pour objectif d\u2019informer les utilisateurs du site www.lateliernuanuaborabora.com de la mani\u00e8re dont leurs donn\u00e9es personnelles sont collect\u00e9es, utilis\u00e9es et prot\u00e9g\u00e9es par L\u2019Atelier Nuanua Bora Bora. 1. Responsable du traitement des donn\u00e9es Le responsable du traitement des donn\u00e9es personnelles est : L\u2019Atelier Nuanua Bora Bora Artisan bijoutier [&hellip;]<\/p>\n","protected":false},"author":1,"featured_media":0,"parent":0,"menu_order":0,"comment_status":"closed","ping_status":"closed","template":"","meta":{"footnotes":""},"class_list":["post-4915","page","type-page","status-publish","hentry","entry"],"_hostinger_reach_plugin_has_subscription_block":false,"_hostinger_reach_plugin_is_elementor":false,"_links":{"self":[{"href":"https:\/\/lateliernuanuaborabora.com\/en\/wp-json\/wp\/v2\/pages\/4915","targetHints":{"allow":["GET"]}}],"collection":[{"href":"https:\/\/lateliernuanuaborabora.com\/en\/wp-json\/wp\/v2\/pages"}],"about":[{"href":"https:\/\/lateliernuanuaborabora.com\/en\/wp-json\/wp\/v2\/types\/page"}],"author":[{"embeddable":true,"href":"https:\/\/lateliernuanuaborabora.com\/en\/wp-json\/wp\/v2\/users\/1"}],"replies":[{"embeddable":true,"href":"https:\/\/lateliernuanuaborabora.com\/en\/wp-json\/wp\/v2\/comments?post=4915"}],"version-history":[{"count":13,"href":"https:\/\/lateliernuanuaborabora.com\/en\/wp-json\/wp\/v2\/pages\/4915\/revisions"}],"predecessor-version":[{"id":4932,"href":"https:\/\/lateliernuanuaborabora.com\/en\/wp-json\/wp\/v2\/pages\/4915\/revisions\/4932"}],"wp:attachment":[{"href":"https:\/\/lateliernuanuaborabora.com\/en\/wp-json\/wp\/v2\/media?parent=4915"}],"curies":[{"name":"wp","href":"https:\/\/api.w.org\/{rel}","templated":true}]}}