{"id":4894,"date":"2026-02-01T00:15:28","date_gmt":"2026-02-01T00:15:28","guid":{"rendered":"https:\/\/lateliernuanuaborabora.com\/?page_id=4894"},"modified":"2026-02-01T00:24:22","modified_gmt":"2026-02-01T00:24:22","slug":"legales","status":"publish","type":"page","link":"https:\/\/lateliernuanuaborabora.com\/en\/legales\/","title":{"rendered":"Legal notices"},"content":{"rendered":"<div data-elementor-type=\"wp-page\" data-elementor-id=\"4894\" class=\"elementor elementor-4894\">\n\t\t\t\t<div class=\"elementor-element elementor-element-30d47d6 e-con-full e-flex e-con e-parent\" data-id=\"30d47d6\" data-element_type=\"container\" data-e-type=\"container\">\n\t\t\t\t<div class=\"elementor-element elementor-element-4f78f1a elementor-widget__width-initial elementor-widget elementor-widget-html\" data-id=\"4f78f1a\" data-element_type=\"widget\" data-e-type=\"widget\" data-widget_type=\"html.default\">\n\t\t\t\t\t<div class=\"custom-section\" id=\"atelier-nuanua-apropos\"> \n  <h1 class=\"custom-title\">\nLegal notices\n  <\/h1>\n<\/div>\n\t\t\t\t<\/div>\n\t\t\t\t<\/div>\n\t\t<div class=\"elementor-element elementor-element-af2de04 e-con-full e-flex e-con e-parent\" data-id=\"af2de04\" data-element_type=\"container\" data-e-type=\"container\">\n\t\t\t\t<div class=\"elementor-element elementor-element-95e302b elementor-widget__width-initial elementor-widget elementor-widget-heading\" data-id=\"95e302b\" data-element_type=\"widget\" data-e-type=\"widget\" data-widget_type=\"heading.default\">\n\t\t\t\t\t<h2 class=\"elementor-heading-title elementor-size-default\">1. Website publisher<\/h2>\t\t\t\t<\/div>\n\t\t\t\t<\/div>\n\t\t<div class=\"elementor-element elementor-element-4378963 e-con-full e-flex e-con e-parent\" data-id=\"4378963\" data-element_type=\"container\" data-e-type=\"container\">\n\t\t\t\t<div class=\"elementor-element elementor-element-c1eab87 elementor-widget__width-initial elementor-widget elementor-widget-html\" data-id=\"c1eab87\" data-element_type=\"widget\" data-e-type=\"widget\" data-widget_type=\"html.default\">\n\t\t\t\t\t<style>\n.custom-text { \n    font-family: 'Avenir', 'Helvetica Neue', Helvetica, Arial, sans-serif; \n    color: #ffffff; \n    font-size: 16px; \n    line-height: 1.6; \n    margin: 0 0 40px 0; \n    text-align: left; \n    word-wrap: break-word; \n}\n<\/style>\n\n<div class=\"custom-text\">\n    <p>\n          \n This website, accessible at the URL <a href=\"https:\/\/lateliernuanuaborabora.com\/en\/\">www.lateliernuanuaborabora.com<\/a>, is published by:\n\n    <\/p>\n      <p>\n        The Nuanua Workshop Bora Bora<br>\n        Jewelry artisan: Lucie Bellier<br>\n        Address:  BP558 98730 Bora Bora PF<br>\n        Registration number (TAHITI No.): B35985<br>\n        Contact: \n        <span class=\"contact-email\" id=\"copy-email\" title=\"Cliquer pour copier l'email\">latelier.nuanua@gmail.com<\/span> \n        <span class=\"contact-number\" id=\"copy-number\" title=\"Cliquer pour copier le num\u00e9ro\">+689 87 29 91 86<\/span>\n    <\/p>\n\n<\/div>\n\n<script>\nfunction setupClickToCopy(id, successMessage) {\n    const element = document.getElementById(id);\n    element.addEventListener('click', function() {\n        const textToCopy = this.innerText;\n        navigator.clipboard.writeText(textToCopy).then(() => {\n            const originalText = this.innerHTML;\n            this.innerText = successMessage;\n            setTimeout(() => {\n                this.innerText = textToCopy;\n            }, 2000);\n        });\n    });\n}\n\n\/\/ Activation pour l'email et le num\u00e9ro\nsetupClickToCopy('copy-email', 'E-mail copi\u00e9 !');\nsetupClickToCopy('copy-number', 'Num\u00e9ro copi\u00e9 !');\n<\/script>\t\t\t\t<\/div>\n\t\t\t\t<\/div>\n\t\t<div class=\"elementor-element elementor-element-199f0d5 e-con-full e-flex e-con e-parent\" data-id=\"199f0d5\" data-element_type=\"container\" data-e-type=\"container\">\n\t\t\t\t<div class=\"elementor-element elementor-element-7cc409a elementor-widget__width-initial elementor-widget elementor-widget-heading\" data-id=\"7cc409a\" data-element_type=\"widget\" data-e-type=\"widget\" data-widget_type=\"heading.default\">\n\t\t\t\t\t<h2 class=\"elementor-heading-title elementor-size-default\">2. Director of Publication\n\n<\/h2>\t\t\t\t<\/div>\n\t\t\t\t<\/div>\n\t\t<div class=\"elementor-element elementor-element-610a0ba e-con-full e-flex e-con e-parent\" data-id=\"610a0ba\" data-element_type=\"container\" data-e-type=\"container\">\n\t\t\t\t<div class=\"elementor-element elementor-element-e90da8b elementor-widget__width-initial elementor-widget elementor-widget-html\" data-id=\"e90da8b\" data-element_type=\"widget\" data-e-type=\"widget\" data-widget_type=\"html.default\">\n\t\t\t\t\t<style>\n.custom-text { \n    font-family: 'Avenir', 'Helvetica Neue', Helvetica, Arial, sans-serif; \n    color: #ffffff; \n    font-size: 16px; \n    line-height: 1.6; \n    margin: 0 0 40px 0; \n    text-align: left; \n    word-wrap: break-word; \n}\n<\/style>\n\n<div class=\"custom-text\">\n    <p>\n        The publication director is Lucie Bellier, in her capacity as manager of Atelier Nuanua Bora Bora. \n\n    <\/p>\n<\/div>\n\t\t\t\t<\/div>\n\t\t\t\t<\/div>\n\t\t<div class=\"elementor-element elementor-element-a8144a3 e-con-full e-flex e-con e-parent\" data-id=\"a8144a3\" data-element_type=\"container\" data-e-type=\"container\">\n\t\t\t\t<div class=\"elementor-element elementor-element-bed75b0 elementor-widget__width-initial elementor-widget elementor-widget-heading\" data-id=\"bed75b0\" data-element_type=\"widget\" data-e-type=\"widget\" data-widget_type=\"heading.default\">\n\t\t\t\t\t<h2 class=\"elementor-heading-title elementor-size-default\">3. Website hosting\n<\/h2>\t\t\t\t<\/div>\n\t\t\t\t<\/div>\n\t\t<div class=\"elementor-element elementor-element-3e59012 e-con-full e-flex e-con e-parent\" data-id=\"3e59012\" data-element_type=\"container\" data-e-type=\"container\">\n\t\t\t\t<div class=\"elementor-element elementor-element-a4cd50d elementor-widget__width-initial elementor-widget elementor-widget-html\" data-id=\"a4cd50d\" data-element_type=\"widget\" data-e-type=\"widget\" data-widget_type=\"html.default\">\n\t\t\t\t\t<style>\n.custom-text { \n    font-family: 'Avenir', 'Helvetica Neue', Helvetica, Arial, sans-serif; \n    color: #ffffff; \n    font-size: 16px; \n    line-height: 1.6; \n    margin: 0 0 40px 0; \n    text-align: left; \n    word-wrap: break-word; \n}\n<\/style>\n<div class=\"custom-text\">\n    <p>\n        The site is hosted by: Hostinger International Ltd.<br>\n        Address: 61 Lordou Vironos Street, 6023 Larnaca, Cyprus<br>\n        Website: <a href=\"https:\/\/www.hostinger.fr\" target=\"_blank\" rel=\"noopener\">https:\/\/www.hostinger.fr<\/a><br>\n        Contact: <a href=\"https:\/\/www.hostinger.fr\/contact\" target=\"_blank\" rel=\"noopener\">https:\/\/www.hostinger.fr\/contact<\/a>\n    <\/p>\n<\/div>\t\t\t\t<\/div>\n\t\t\t\t<\/div>\n\t\t<div class=\"elementor-element elementor-element-20e0b5e e-con-full e-flex e-con e-parent\" data-id=\"20e0b5e\" data-element_type=\"container\" data-e-type=\"container\">\n\t\t\t\t<div class=\"elementor-element elementor-element-b53a2eb elementor-widget__width-initial elementor-widget elementor-widget-heading\" data-id=\"b53a2eb\" data-element_type=\"widget\" data-e-type=\"widget\" data-widget_type=\"heading.default\">\n\t\t\t\t\t<h2 class=\"elementor-heading-title elementor-size-default\">4. Design and implementation\n<\/h2>\t\t\t\t<\/div>\n\t\t\t\t<\/div>\n\t\t<div class=\"elementor-element elementor-element-7cda268 e-con-full e-flex e-con e-parent\" data-id=\"7cda268\" data-element_type=\"container\" data-e-type=\"container\">\n\t\t\t\t<div class=\"elementor-element elementor-element-d2b1e52 elementor-widget__width-initial elementor-widget elementor-widget-html\" data-id=\"d2b1e52\" data-element_type=\"widget\" data-e-type=\"widget\" data-widget_type=\"html.default\">\n\t\t\t\t\t<style>\n.custom-text { \n    font-family: 'Avenir', 'Helvetica Neue', Helvetica, Arial, sans-serif; \n    color: #ffffff; \n    font-size: 16px; \n    line-height: 1.6; \n    margin: 0 0 40px 0; \n    text-align: left; \n    word-wrap: break-word; \n}\n<\/style>\n\n<div class=\"custom-text\">\n    <p>\nWebsite designed and developed by Appolyon,\nin collaboration with Bora Bora Picture by Caroline Tongourian and Sadry Ghacir for photographs and videos.\n\n    <\/p>\n<\/div>\n\t\t\t\t<\/div>\n\t\t\t\t<\/div>\n\t\t<div class=\"elementor-element elementor-element-34b5f50 e-con-full e-flex e-con e-parent\" data-id=\"34b5f50\" data-element_type=\"container\" data-e-type=\"container\">\n\t\t\t\t<div class=\"elementor-element elementor-element-21b6e36 elementor-widget__width-initial elementor-widget elementor-widget-heading\" data-id=\"21b6e36\" data-element_type=\"widget\" data-e-type=\"widget\" data-widget_type=\"heading.default\">\n\t\t\t\t\t<h2 class=\"elementor-heading-title elementor-size-default\">5. Purpose of the website\n\n<\/h2>\t\t\t\t<\/div>\n\t\t\t\t<\/div>\n\t\t<div class=\"elementor-element elementor-element-6265fb2 e-con-full e-flex e-con e-parent\" data-id=\"6265fb2\" data-element_type=\"container\" data-e-type=\"container\">\n\t\t\t\t<div class=\"elementor-element elementor-element-b3f6d87 elementor-widget__width-initial elementor-widget elementor-widget-html\" data-id=\"b3f6d87\" data-element_type=\"widget\" data-e-type=\"widget\" data-widget_type=\"html.default\">\n\t\t\t\t\t<style>\n.custom-text { \n    font-family: 'Avenir', 'Helvetica Neue', Helvetica, Arial, sans-serif; \n    color: #ffffff; \n    font-size: 16px; \n    line-height: 1.6; \n    margin: 0 0 40px 0; \n    text-align: left; \n    word-wrap: break-word; \n}\n<\/style>\n\n<div class=\"custom-text\">\n    <p>\nThe website <a href=\"https:\/\/lateliernuanuaborabora.com\/en\/\">www.lateliernuanuaborabora.com<\/a> is a showcase website designed to present the world, history, and creations of Atelier Nuanua Bora Bora.\n<br>\n<\/p>\n<p>\nNo direct sales or online payments are made on the website. Requests for information and orders are made exclusively by direct contact (email or telephone).\n    <\/p>\n<\/div>\n\t\t\t\t<\/div>\n\t\t\t\t<\/div>\n\t\t<div class=\"elementor-element elementor-element-959b7fa e-con-full e-flex e-con e-parent\" data-id=\"959b7fa\" data-element_type=\"container\" data-e-type=\"container\">\n\t\t\t\t<div class=\"elementor-element elementor-element-0250ddc elementor-widget__width-initial elementor-widget elementor-widget-heading\" data-id=\"0250ddc\" data-element_type=\"widget\" data-e-type=\"widget\" data-widget_type=\"heading.default\">\n\t\t\t\t\t<h2 class=\"elementor-heading-title elementor-size-default\">6. Custom orders\n\n\n<\/h2>\t\t\t\t<\/div>\n\t\t\t\t<\/div>\n\t\t<div class=\"elementor-element elementor-element-8e57fa0 e-con-full e-flex e-con e-parent\" data-id=\"8e57fa0\" data-element_type=\"container\" data-e-type=\"container\">\n\t\t\t\t<div class=\"elementor-element elementor-element-fa7f555 elementor-widget__width-initial elementor-widget elementor-widget-html\" data-id=\"fa7f555\" data-element_type=\"widget\" data-e-type=\"widget\" data-widget_type=\"html.default\">\n\t\t\t\t\t<style>\r\n.custom-text { \r\n    font-family: 'Avenir', 'Helvetica Neue', Helvetica, Arial, sans-serif; \r\n    color: #ffffff; \r\n    font-size: 16px; \r\n    line-height: 1.6; \r\n    margin: 0 0 40px 0; \r\n    text-align: left; \r\n    word-wrap: break-word; \r\n}\r\n\r\n\/* On supprime la marge automatique sous l'intro pour coller la suite *\/\r\n.intro-text {\r\n    margin-bottom: 0px;\r\n}\r\n\r\n.section-title {\r\n    display: block;\r\n    font-weight: bold;\r\n    font-size: 19px;\r\n    margin-top: 15px; \/* Espace r\u00e9duit au dessus du titre *\/\r\n    margin-bottom: 5px; \r\n}\r\n\r\n\/* Style pour le premier titre de la liste afin qu'il soit plus proche de l'intro *\/\r\n.cgv-list .section-title:first-of-type {\r\n    margin-top: 10px;\r\n}\r\n\r\n.cgv-list ul {\r\n    list-style-type: none;\r\n    padding: 0;\r\n    margin: 0; \r\n}\r\n\r\n.cgv-list li {\r\n    margin-bottom: 5px;\r\n    position: relative;\r\n    padding-left: 20px;\r\n}\r\n\r\n.cgv-list li::before {\r\n    content: \"\u2022\";\r\n    position: absolute;\r\n    left: 0;\r\n}\r\n<\/style>\r\n\r\n<div class=\"custom-text\">\r\n    <div class=\"cgv-list\">\r\n        <p class=\"intro-text\">\r\nAtelier Nuanua Bora Bora offers custom-made jewelry creations, handcrafted on demand.\r\n        <\/p>\r\n<p><\/p>\r\n        <span class=\"section-text\">All orders are subject to:<\/span>\r\n        <ul>\r\n            <li>From a prior discussion with the client,\r\n<\/li>\r\n            <li>From project validation (design, materials, deadlines),\r\n<\/li>\r\n  <li>And a personalized quote.\r\n\r\n<\/li>\r\n        <\/ul>\r\n\r\n        <p><\/p>\r\n    <\/div>\r\n    \r\n    The manufacturing methods, deadlines, payment terms, and delivery conditions are defined on a case-by-case basis and communicated directly to the customer before any order is confirmed.\r\n\r\n<\/div>\t\t\t\t<\/div>\n\t\t\t\t<\/div>\n\t\t<div class=\"elementor-element elementor-element-721245a e-con-full e-flex e-con e-parent\" data-id=\"721245a\" data-element_type=\"container\" data-e-type=\"container\">\n\t\t\t\t<div class=\"elementor-element elementor-element-a4ee986 elementor-widget__width-initial elementor-widget elementor-widget-heading\" data-id=\"a4ee986\" data-element_type=\"widget\" data-e-type=\"widget\" data-widget_type=\"heading.default\">\n\t\t\t\t\t<h2 class=\"elementor-heading-title elementor-size-default\">7. Intellectual property\n\n\n\n<\/h2>\t\t\t\t<\/div>\n\t\t\t\t<\/div>\n\t\t<div class=\"elementor-element elementor-element-ecec6e7 e-con-full e-flex e-con e-parent\" data-id=\"ecec6e7\" data-element_type=\"container\" data-e-type=\"container\">\n\t\t\t\t<div class=\"elementor-element elementor-element-079da47 elementor-widget__width-initial elementor-widget elementor-widget-html\" data-id=\"079da47\" data-element_type=\"widget\" data-e-type=\"widget\" data-widget_type=\"html.default\">\n\t\t\t\t\t<style>\n.custom-text { \n    font-family: 'Avenir', 'Helvetica Neue', Helvetica, Arial, sans-serif; \n    color: #ffffff; \n    font-size: 16px; \n    line-height: 1.6; \n    margin: 0 0 40px 0; \n    text-align: left; \n    word-wrap: break-word; \n}\n<\/style>\n\n<div class=\"custom-text\">\n    <p>\nAll content on this website (text, images, photographs, videos, logos, designs, graphics) is protected by intellectual property law and is the exclusive property of Atelier Nuanua Bora Bora, unless otherwise stated.\n<br>\n<\/p>\n<p>\nAny reproduction, representation, modification, publication, or adaptation, in whole or in part, of these elements, regardless of the means or process used, is prohibited without the prior written permission of Atelier Nuanua Bora Bora.\n\n    <\/p>\n<\/div>\n\t\t\t\t<\/div>\n\t\t\t\t<\/div>\n\t\t<div class=\"elementor-element elementor-element-fe253da e-con-full e-flex e-con e-parent\" data-id=\"fe253da\" data-element_type=\"container\" data-e-type=\"container\">\n\t\t\t\t<div class=\"elementor-element elementor-element-802d4b7 elementor-widget__width-initial elementor-widget elementor-widget-heading\" data-id=\"802d4b7\" data-element_type=\"widget\" data-e-type=\"widget\" data-widget_type=\"heading.default\">\n\t\t\t\t\t<h2 class=\"elementor-heading-title elementor-size-default\">8. Liability\n\n\n<\/h2>\t\t\t\t<\/div>\n\t\t\t\t<\/div>\n\t\t<div class=\"elementor-element elementor-element-152fa93 e-con-full e-flex e-con e-parent\" data-id=\"152fa93\" data-element_type=\"container\" data-e-type=\"container\">\n\t\t\t\t<div class=\"elementor-element elementor-element-ce52c8c elementor-widget__width-initial elementor-widget elementor-widget-html\" data-id=\"ce52c8c\" data-element_type=\"widget\" data-e-type=\"widget\" data-widget_type=\"html.default\">\n\t\t\t\t\t<style>\n.custom-text { \n    font-family: 'Avenir', 'Helvetica Neue', Helvetica, Arial, sans-serif; \n    color: #ffffff; \n    font-size: 16px; \n    line-height: 1.6; \n    margin: 0 0 40px 0; \n    text-align: left; \n    word-wrap: break-word; \n}\n<\/style>\n\n<div class=\"custom-text\">\n    <p>\nAtelier Nuanua Bora Bora strives to provide information on its website that is as accurate as possible. However, it cannot be held responsible for omissions, inaccuracies, or deficiencies in the updating of information.\n\n<br>\n<\/p>\n<p>\nThe site may contain links to other sites. Atelier Nuanua Bora Bora cannot be held responsible for the content or practices of these third-party sites.\n    <\/p>\n<\/div>\n\t\t\t\t<\/div>\n\t\t\t\t<\/div>\n\t\t<div class=\"elementor-element elementor-element-5075a82 e-con-full e-flex e-con e-parent\" data-id=\"5075a82\" data-element_type=\"container\" data-e-type=\"container\">\n\t\t\t\t<div class=\"elementor-element elementor-element-e88cc52 elementor-widget__width-initial elementor-widget elementor-widget-heading\" data-id=\"e88cc52\" data-element_type=\"widget\" data-e-type=\"widget\" data-widget_type=\"heading.default\">\n\t\t\t\t\t<h2 class=\"elementor-heading-title elementor-size-default\">9. Personal data\n\n<\/h2>\t\t\t\t<\/div>\n\t\t\t\t<\/div>\n\t\t<div class=\"elementor-element elementor-element-fa07a71 e-con-full e-flex e-con e-parent\" data-id=\"fa07a71\" data-element_type=\"container\" data-e-type=\"container\">\n\t\t\t\t<div class=\"elementor-element elementor-element-74958ac elementor-widget__width-initial elementor-widget elementor-widget-html\" data-id=\"74958ac\" data-element_type=\"widget\" data-e-type=\"widget\" data-widget_type=\"html.default\">\n\t\t\t\t\t<style>\n.custom-text { \n    font-family: 'Avenir', 'Helvetica Neue', Helvetica, Arial, sans-serif; \n    color: #ffffff; \n    font-size: 16px; \n    line-height: 1.6; \n    margin: 0 0 40px 0; \n    text-align: left; \n    word-wrap: break-word; \n}\n\n\/* Nouveau style pour les liens dans ce texte *\/\n.custom-text a {\n    color: #ffffff; \/* Ta couleur bleu\/vert *\/\n    text-decoration: none;\n    font-weight: medium;\n    transition: color 0.3s ease;\n    border-bottom: 1px solid transparent;\n}\n\n.custom-text a:hover {\n    color: #57C4C5; \/* Devient blanc au survol *\/\n}\n<\/style>\n\n<div class=\"custom-text\">\n    <p>\nThe information collected via the contact form or by email is intended exclusively for Atelier Nuanua Bora Bora and is never shared with third parties.\n\n<br>\n<\/p>\n<p>\nIn accordance with current regulations, you have the right to access, rectify, and delete data concerning you.\n<br>\nTo exercise this right, you may contact: <span class=\"contact-email\" id=\"copy-email\" title=\"Cliquer pour copier l'email\">latelier.nuanua@gmail.com<\/span> \n    \n    <\/p>\n\n<\/div>\n\n<script>\nfunction setupClickToCopy(id, successMessage) {\n    const element = document.getElementById(id);\n    element.addEventListener('click', function() {\n        const textToCopy = this.innerText;\n        navigator.clipboard.writeText(textToCopy).then(() => {\n            const originalText = this.innerHTML;\n            this.innerText = successMessage;\n            setTimeout(() => {\n                this.innerText = textToCopy;\n            }, 2000);\n        });\n    });\n}\n\n\/\/ Activation pour l'email et le num\u00e9ro\nsetupClickToCopy('copy-email', 'E-mail copi\u00e9 !');\nsetupClickToCopy('copy-number', 'Num\u00e9ro copi\u00e9 !');\n<\/script>\n\t\t\t\t<\/div>\n\t\t\t\t<\/div>\n\t\t<div class=\"elementor-element elementor-element-712ceb3 e-con-full e-flex e-con e-parent\" data-id=\"712ceb3\" data-element_type=\"container\" data-e-type=\"container\">\n\t\t\t\t<div class=\"elementor-element elementor-element-729e617 elementor-widget__width-initial elementor-widget elementor-widget-heading\" data-id=\"729e617\" data-element_type=\"widget\" data-e-type=\"widget\" data-widget_type=\"heading.default\">\n\t\t\t\t\t<h2 class=\"elementor-heading-title elementor-size-default\">10. Cookies<\/h2>\t\t\t\t<\/div>\n\t\t\t\t<\/div>\n\t\t<div class=\"elementor-element elementor-element-ccc86d1 e-con-full e-flex e-con e-parent\" data-id=\"ccc86d1\" data-element_type=\"container\" data-e-type=\"container\">\n\t\t\t\t<div class=\"elementor-element elementor-element-734636e elementor-widget__width-initial elementor-widget elementor-widget-html\" data-id=\"734636e\" data-element_type=\"widget\" data-e-type=\"widget\" data-widget_type=\"html.default\">\n\t\t\t\t\t<style>\n.custom-text { \n    font-family: 'Avenir', 'Helvetica Neue', Helvetica, Arial, sans-serif; \n    color: #ffffff; \n    font-size: 16px; \n    line-height: 1.6; \n    margin: 0 0 40px 0; \n    text-align: left; \n    word-wrap: break-word; \n}\n<\/style>\n\n<div class=\"custom-text\">\n    <p>\nThe site may use cookies that are strictly necessary for its operation or for statistical purposes.\n<br>\nUsers can configure or refuse cookies via their browser settings.\n\n\n    <\/p>\n<\/div>\n\t\t\t\t<\/div>\n\t\t\t\t<\/div>\n\t\t\t\t<\/div>","protected":false},"excerpt":{"rendered":"<p>Mentions l\u00e9gales 1. \u00c9diteur du site Le pr\u00e9sent site, accessible \u00e0 l\u2019URL www.lateliernuanuaborabora.com, est \u00e9dit\u00e9 par : L\u2019Atelier Nuanua Bora Bora Artisan bijoutier : Lucie Bellier Adresse : BP558 98730 Bora Bora PF Num\u00e9ro d\u2019immatriculation (N\u00b0TAHITI) : B35985 Contact : latelier.nuanua@gmail.com +689 87 29 91 86 2. Directeur de la publication Le directeur de la [&hellip;]<\/p>\n","protected":false},"author":1,"featured_media":0,"parent":0,"menu_order":0,"comment_status":"closed","ping_status":"closed","template":"","meta":{"footnotes":""},"class_list":["post-4894","page","type-page","status-publish","hentry","entry"],"_hostinger_reach_plugin_has_subscription_block":false,"_hostinger_reach_plugin_is_elementor":false,"_links":{"self":[{"href":"https:\/\/lateliernuanuaborabora.com\/en\/wp-json\/wp\/v2\/pages\/4894","targetHints":{"allow":["GET"]}}],"collection":[{"href":"https:\/\/lateliernuanuaborabora.com\/en\/wp-json\/wp\/v2\/pages"}],"about":[{"href":"https:\/\/lateliernuanuaborabora.com\/en\/wp-json\/wp\/v2\/types\/page"}],"author":[{"embeddable":true,"href":"https:\/\/lateliernuanuaborabora.com\/en\/wp-json\/wp\/v2\/users\/1"}],"replies":[{"embeddable":true,"href":"https:\/\/lateliernuanuaborabora.com\/en\/wp-json\/wp\/v2\/comments?post=4894"}],"version-history":[{"count":13,"href":"https:\/\/lateliernuanuaborabora.com\/en\/wp-json\/wp\/v2\/pages\/4894\/revisions"}],"predecessor-version":[{"id":4911,"href":"https:\/\/lateliernuanuaborabora.com\/en\/wp-json\/wp\/v2\/pages\/4894\/revisions\/4911"}],"wp:attachment":[{"href":"https:\/\/lateliernuanuaborabora.com\/en\/wp-json\/wp\/v2\/media?parent=4894"}],"curies":[{"name":"wp","href":"https:\/\/api.w.org\/{rel}","templated":true}]}}