{"id":2715,"date":"2025-10-12T23:03:53","date_gmt":"2025-10-12T23:03:53","guid":{"rendered":"https:\/\/lateliernuanuaborabora.com\/?page_id=2715"},"modified":"2026-02-01T06:58:35","modified_gmt":"2026-02-01T06:58:35","slug":"livraison","status":"publish","type":"page","link":"https:\/\/lateliernuanuaborabora.com\/en\/livraison\/","title":{"rendered":"Delivery"},"content":{"rendered":"<div data-elementor-type=\"wp-page\" data-elementor-id=\"2715\" class=\"elementor elementor-2715\">\n\t\t\t\t<div class=\"elementor-element elementor-element-30d47d6 e-con-full e-flex e-con e-parent\" data-id=\"30d47d6\" data-element_type=\"container\" data-e-type=\"container\">\n\t\t\t\t<div class=\"elementor-element elementor-element-4f78f1a elementor-widget__width-initial elementor-widget elementor-widget-html\" data-id=\"4f78f1a\" data-element_type=\"widget\" data-e-type=\"widget\" data-widget_type=\"html.default\">\n\t\t\t\t\t<div class=\"custom-section\" id=\"atelier-nuanua-livraison\">\n  <h1 class=\"custom-title\">\n    Your jewelry delivered with \n<span class=\"highlight-blue\">care<\/span>\n  <\/h1>\n<\/div>\n\t\t\t\t<\/div>\n\t\t\t\t<\/div>\n\t\t<div class=\"elementor-element elementor-element-af2de04 e-con-full e-flex e-con e-parent\" data-id=\"af2de04\" data-element_type=\"container\" data-e-type=\"container\">\n\t\t\t\t<div class=\"elementor-element elementor-element-95e302b elementor-widget__width-initial elementor-widget elementor-widget-heading\" data-id=\"95e302b\" data-element_type=\"widget\" data-e-type=\"widget\" data-widget_type=\"heading.default\">\n\t\t\t\t\t<h2 class=\"elementor-heading-title elementor-size-default\">Are you planning a trip to French Polynesia and want to give your loved one an exceptional gift?\nWe bring your desires to life by creating unique jewelry, designed especially for you.\n<\/h2>\t\t\t\t<\/div>\n\t\t\t\t<\/div>\n\t\t<div class=\"elementor-element elementor-element-0ae4229 e-con-full e-flex e-con e-parent\" data-id=\"0ae4229\" data-element_type=\"container\" data-e-type=\"container\">\n\t\t<div class=\"elementor-element elementor-element-cf88cf6 e-con-full e-flex e-con e-child\" data-id=\"cf88cf6\" data-element_type=\"container\" data-e-type=\"container\">\n\t\t\t\t<div class=\"elementor-element elementor-element-0276b48 elementor-widget__width-initial elementor-widget elementor-widget-html\" data-id=\"0276b48\" data-element_type=\"widget\" data-e-type=\"widget\" data-widget_type=\"html.default\">\n\t\t\t\t\t\n<div class=\"custom-section\">\n  <h2 class=\"savoir-faire-title\">A creation designed for you<\/h2>\n\n  <p class=\"custom-text\">\nYour requests are carefully considered in order to offer you a tailor-made experience and a precious souvenir. The creations require a production time of approximately 3 months. For your convenience, we arrange delivery directly to your hotel, whether you are staying in Tahiti, Moorea, Raiatea, or Bora Bora.\n  <\/p>\n\n    <!-- Bouton -->\n  <a href=\"\/en\/nos-creations\/\" class=\"custom-section-button\">Discover our creations<\/a>\n<\/div>\n\n\t\t\t\t<\/div>\n\t\t\t\t<\/div>\n\t\t<div class=\"elementor-element elementor-element-4df8e54 e-con-full e-flex e-con e-child\" data-id=\"4df8e54\" data-element_type=\"container\" data-e-type=\"container\">\n\t\t\t\t<div class=\"elementor-element elementor-element-a81afe3 elementor-widget elementor-widget-image\" data-id=\"a81afe3\" data-element_type=\"widget\" data-e-type=\"widget\" data-widget_type=\"image.default\">\n\t\t\t\t\t\t\t\t\t\t\t\t\t\t\t<img fetchpriority=\"high\" decoding=\"async\" width=\"1271\" height=\"1046\" src=\"https:\/\/lateliernuanuaborabora.com\/wp-content\/uploads\/2026\/02\/Livraison_001.webp\" class=\"attachment-1536x1536 size-1536x1536 wp-image-4933\" alt=\"\" srcset=\"https:\/\/lateliernuanuaborabora.com\/wp-content\/uploads\/2026\/02\/Livraison_001.webp 1271w, https:\/\/lateliernuanuaborabora.com\/wp-content\/uploads\/2026\/02\/Livraison_001-300x247.webp 300w, https:\/\/lateliernuanuaborabora.com\/wp-content\/uploads\/2026\/02\/Livraison_001-1024x843.webp 1024w, https:\/\/lateliernuanuaborabora.com\/wp-content\/uploads\/2026\/02\/Livraison_001-768x632.webp 768w, https:\/\/lateliernuanuaborabora.com\/wp-content\/uploads\/2026\/02\/Livraison_001-15x12.webp 15w\" sizes=\"(max-width: 1271px) 100vw, 1271px\" \/>\t\t\t\t\t\t\t\t\t\t\t\t\t\t\t<\/div>\n\t\t\t\t<\/div>\n\t\t\t\t<\/div>\n\t\t<div class=\"elementor-element elementor-element-a43ffc4 e-con-full e-flex e-con e-parent\" data-id=\"a43ffc4\" data-element_type=\"container\" data-e-type=\"container\">\n\t\t<div class=\"elementor-element elementor-element-dfa99a6 e-con-full e-flex e-con e-child\" data-id=\"dfa99a6\" data-element_type=\"container\" data-e-type=\"container\">\n\t\t\t\t<div class=\"elementor-element elementor-element-66561b8 elementor-widget__width-initial elementor-widget elementor-widget-html\" data-id=\"66561b8\" data-element_type=\"widget\" data-e-type=\"widget\" data-widget_type=\"html.default\">\n\t\t\t\t\t<div class=\"custom-section\">\n  <h2 class=\"savoir-faire-title\">A journey around the world<\/h2>\n\n  <p class=\"custom-text\">\nGive more than just jewelry: give a symbol of eternal love, born in the heart of the Pacific.\nN.B: We also offer worldwide shipping for our creations, except to the United States, due to a recent change in US import policy. Shipping costs are 4,000 XPF (\u20ac33.50).\n\n  <\/p>\n<\/div>\n\n\t\t\t\t<\/div>\n\t\t\t\t<\/div>\n\t\t<div class=\"elementor-element elementor-element-390375c e-con-full e-flex e-con e-child\" data-id=\"390375c\" data-element_type=\"container\" data-e-type=\"container\">\n\t\t\t\t<div class=\"elementor-element elementor-element-4292640 elementor-widget elementor-widget-image\" data-id=\"4292640\" data-element_type=\"widget\" data-e-type=\"widget\" data-widget_type=\"image.default\">\n\t\t\t\t\t\t\t\t\t\t\t\t\t\t\t<img decoding=\"async\" width=\"744\" height=\"537\" src=\"https:\/\/lateliernuanuaborabora.com\/wp-content\/uploads\/2026\/01\/Livraison_002.webp\" class=\"attachment-1536x1536 size-1536x1536 wp-image-4701\" alt=\"\" srcset=\"https:\/\/lateliernuanuaborabora.com\/wp-content\/uploads\/2026\/01\/Livraison_002.webp 744w, https:\/\/lateliernuanuaborabora.com\/wp-content\/uploads\/2026\/01\/Livraison_002-300x217.webp 300w, https:\/\/lateliernuanuaborabora.com\/wp-content\/uploads\/2026\/01\/Livraison_002-18x12.webp 18w\" sizes=\"(max-width: 744px) 100vw, 744px\" \/>\t\t\t\t\t\t\t\t\t\t\t\t\t\t\t<\/div>\n\t\t\t\t<\/div>\n\t\t\t\t<\/div>\n\t\t\t\t<\/div>","protected":false},"excerpt":{"rendered":"<p>Votre bijou livr\u00e9 avec soin Vous pr\u00e9voyez un voyage en Polyn\u00e9sie fran\u00e7aise et souhaitez offrir un cadeau exceptionnel \u00e0 votre bien-aim\u00e9(e) ? Nous donnons vie \u00e0 vos envies en cr\u00e9ant des bijoux uniques, pens\u00e9s sp\u00e9cialement pour vous. Une cr\u00e9ation pens\u00e9e pour vous Vos demandes sont \u00e9tudi\u00e9es avec soin afin de vous offrir une exp\u00e9rience sur [&hellip;]<\/p>\n","protected":false},"author":1,"featured_media":0,"parent":0,"menu_order":0,"comment_status":"closed","ping_status":"closed","template":"","meta":{"footnotes":""},"class_list":["post-2715","page","type-page","status-publish","hentry","entry"],"_hostinger_reach_plugin_has_subscription_block":false,"_hostinger_reach_plugin_is_elementor":false,"_links":{"self":[{"href":"https:\/\/lateliernuanuaborabora.com\/en\/wp-json\/wp\/v2\/pages\/2715","targetHints":{"allow":["GET"]}}],"collection":[{"href":"https:\/\/lateliernuanuaborabora.com\/en\/wp-json\/wp\/v2\/pages"}],"about":[{"href":"https:\/\/lateliernuanuaborabora.com\/en\/wp-json\/wp\/v2\/types\/page"}],"author":[{"embeddable":true,"href":"https:\/\/lateliernuanuaborabora.com\/en\/wp-json\/wp\/v2\/users\/1"}],"replies":[{"embeddable":true,"href":"https:\/\/lateliernuanuaborabora.com\/en\/wp-json\/wp\/v2\/comments?post=2715"}],"version-history":[{"count":65,"href":"https:\/\/lateliernuanuaborabora.com\/en\/wp-json\/wp\/v2\/pages\/2715\/revisions"}],"predecessor-version":[{"id":4936,"href":"https:\/\/lateliernuanuaborabora.com\/en\/wp-json\/wp\/v2\/pages\/2715\/revisions\/4936"}],"wp:attachment":[{"href":"https:\/\/lateliernuanuaborabora.com\/en\/wp-json\/wp\/v2\/media?parent=2715"}],"curies":[{"name":"wp","href":"https:\/\/api.w.org\/{rel}","templated":true}]}}