{"id":2498,"date":"2025-10-12T15:38:16","date_gmt":"2025-10-12T15:38:16","guid":{"rendered":"https:\/\/lateliernuanuaborabora.com\/?page_id=2498"},"modified":"2025-11-05T02:03:17","modified_gmt":"2025-11-05T02:03:17","slug":"bague-tattoo","status":"publish","type":"page","link":"https:\/\/lateliernuanuaborabora.com\/en\/bague-tattoo\/","title":{"rendered":"Tattoo ring"},"content":{"rendered":"<div data-elementor-type=\"wp-page\" data-elementor-id=\"2498\" class=\"elementor elementor-2498\">\n\t\t\t\t<div class=\"elementor-element elementor-element-30d47d6 e-con-full e-flex e-con e-parent\" data-id=\"30d47d6\" data-element_type=\"container\" data-e-type=\"container\" data-no-translation=\"\">\n\t\t\t\t<div class=\"elementor-element elementor-element-4f78f1a elementor-widget__width-initial elementor-widget elementor-widget-html\" data-id=\"4f78f1a\" data-element_type=\"widget\" data-e-type=\"widget\" data-widget_type=\"html.default\">\n\t\t\t\t\t<div class=\"custom-section\" id=\"atelier-nuanua-tattoo-en\">\n  <h1 class=\"custom-title\">\n    The <span class=\"highlight-blue\">tattoo<\/span> ring\n  <\/h1>\n<\/div>\n\t\t\t\t<\/div>\n\t\t\t\t<\/div>\n\t\t<div class=\"elementor-element elementor-element-af2de04 e-con-full e-flex e-con e-parent\" data-id=\"af2de04\" data-element_type=\"container\" data-e-type=\"container\">\n\t\t\t\t<div class=\"elementor-element elementor-element-95e302b elementor-widget__width-initial elementor-widget elementor-widget-heading\" data-id=\"95e302b\" data-element_type=\"widget\" data-e-type=\"widget\" data-widget_type=\"heading.default\">\n\t\t\t\t\t<h2 class=\"elementor-heading-title elementor-size-default\">Some people engrave their memories on their skin, others wear them on their fingers. Created by Lucie, a passionate jewelry designer, the personalized tattoo ring is an original creation inspired by traditional Polynesian and Marquesan motifs.<\/h2>\t\t\t\t<\/div>\n\t\t\t\t<\/div>\n\t\t<div class=\"elementor-element elementor-element-0ae4229 e-con-full e-flex e-con e-parent\" data-id=\"0ae4229\" data-element_type=\"container\" data-e-type=\"container\">\n\t\t<div class=\"elementor-element elementor-element-cf88cf6 e-con-full e-flex e-con e-child\" data-id=\"cf88cf6\" data-element_type=\"container\" data-e-type=\"container\">\n\t\t\t\t<div class=\"elementor-element elementor-element-0276b48 elementor-widget__width-initial elementor-widget elementor-widget-html\" data-id=\"0276b48\" data-element_type=\"widget\" data-e-type=\"widget\" data-widget_type=\"html.default\">\n\t\t\t\t\t<div class=\"custom-section\">\n  <h2 class=\"savoir-faire-title\">A symbol to wear for life\n<\/h2>\n\n  <p class=\"custom-text\">\n\nOriginal design by Lucie, crafted using the reperced technique.\nEach Tattoo ring is made to order in silver, 18k yellow gold, or 18k white gold.\n<\/p>\n<\/div>\n<ul class=\"custom-list\">\n  <li>\nWidth of your choice: 5 to 10 mm\n  <\/li>\n  <li>\nSize: to be measured by a jeweler using a WIDE ring sizer.\n  <\/li>\n  <li>\nCompletion time: approximately 3 months\n  <\/li>\n<\/ul>\n<div class=\"custom-section\">\n\n  <p class=\"custom-text\">\nEach piece is unique and crafted according to your wishes. Contact us for a personalized quote and let's bring your custom jewelry to life together.\n<\/p>\n<\/div>\t\t\t\t<\/div>\n\t\t\t\t<\/div>\n\t\t<div class=\"elementor-element elementor-element-4df8e54 e-con-full e-flex e-con e-child\" data-id=\"4df8e54\" data-element_type=\"container\" data-e-type=\"container\">\n\t\t\t\t<div class=\"elementor-element elementor-element-a81afe3 elementor-widget elementor-widget-image\" data-id=\"a81afe3\" data-element_type=\"widget\" data-e-type=\"widget\" data-widget_type=\"image.default\">\n\t\t\t\t\t\t\t\t\t\t\t\t\t\t\t<img fetchpriority=\"high\" decoding=\"async\" width=\"1263\" height=\"1046\" src=\"https:\/\/lateliernuanuaborabora.com\/wp-content\/uploads\/2025\/10\/o90dpjtsijtm28rygjth.webp\" class=\"attachment-1536x1536 size-1536x1536 wp-image-2500\" alt=\"Bague\" srcset=\"https:\/\/lateliernuanuaborabora.com\/wp-content\/uploads\/2025\/10\/o90dpjtsijtm28rygjth.webp 1263w, https:\/\/lateliernuanuaborabora.com\/wp-content\/uploads\/2025\/10\/o90dpjtsijtm28rygjth-300x248.webp 300w, https:\/\/lateliernuanuaborabora.com\/wp-content\/uploads\/2025\/10\/o90dpjtsijtm28rygjth-1024x848.webp 1024w, https:\/\/lateliernuanuaborabora.com\/wp-content\/uploads\/2025\/10\/o90dpjtsijtm28rygjth-768x636.webp 768w, https:\/\/lateliernuanuaborabora.com\/wp-content\/uploads\/2025\/10\/o90dpjtsijtm28rygjth-14x12.webp 14w\" sizes=\"(max-width: 1263px) 100vw, 1263px\" \/>\t\t\t\t\t\t\t\t\t\t\t\t\t\t\t<\/div>\n\t\t\t\t<\/div>\n\t\t\t\t<\/div>\n\t\t<div class=\"elementor-element elementor-element-a43ffc4 e-con-full e-flex e-con e-parent\" data-id=\"a43ffc4\" data-element_type=\"container\" data-e-type=\"container\">\n\t\t<div class=\"elementor-element elementor-element-dfa99a6 e-con-full e-flex e-con e-child\" data-id=\"dfa99a6\" data-element_type=\"container\" data-e-type=\"container\">\n\t\t\t\t<div class=\"elementor-element elementor-element-66561b8 elementor-widget__width-initial elementor-widget elementor-widget-html\" data-id=\"66561b8\" data-element_type=\"widget\" data-e-type=\"widget\" data-widget_type=\"html.default\">\n\t\t\t\t\t<div class=\"custom-section\">\n  <h2 class=\"savoir-faire-title\">From sketch to light<\/h2>\n\n  <p class=\"custom-text\">\nEach creation begins with an exchange, an intention, a story to tell. Lucie first sketches your design by hand in her sketchbook, drawing inspiration from the meanings you wish to convey: protection, love, travel, a connection to the sea or to family...\n\n\n  <\/p>\n\n<\/div>\n\t\t\t\t<\/div>\n\t\t\t\t<\/div>\n\t\t<div class=\"elementor-element elementor-element-390375c e-con-full e-flex e-con e-child\" data-id=\"390375c\" data-element_type=\"container\" data-e-type=\"container\">\n\t\t\t\t<div class=\"elementor-element elementor-element-4292640 elementor-widget elementor-widget-image\" data-id=\"4292640\" data-element_type=\"widget\" data-e-type=\"widget\" data-widget_type=\"image.default\">\n\t\t\t\t\t\t\t\t\t\t\t\t\t\t\t<img decoding=\"async\" width=\"1272\" height=\"1046\" src=\"https:\/\/lateliernuanuaborabora.com\/wp-content\/uploads\/2025\/10\/okhpgqpwo4t4plupgnws.webp\" class=\"attachment-1536x1536 size-1536x1536 wp-image-2501\" alt=\"\" srcset=\"https:\/\/lateliernuanuaborabora.com\/wp-content\/uploads\/2025\/10\/okhpgqpwo4t4plupgnws.webp 1272w, https:\/\/lateliernuanuaborabora.com\/wp-content\/uploads\/2025\/10\/okhpgqpwo4t4plupgnws-300x247.webp 300w, https:\/\/lateliernuanuaborabora.com\/wp-content\/uploads\/2025\/10\/okhpgqpwo4t4plupgnws-1024x842.webp 1024w, https:\/\/lateliernuanuaborabora.com\/wp-content\/uploads\/2025\/10\/okhpgqpwo4t4plupgnws-768x632.webp 768w, https:\/\/lateliernuanuaborabora.com\/wp-content\/uploads\/2025\/10\/okhpgqpwo4t4plupgnws-15x12.webp 15w\" sizes=\"(max-width: 1272px) 100vw, 1272px\" \/>\t\t\t\t\t\t\t\t\t\t\t\t\t\t\t<\/div>\n\t\t\t\t<\/div>\n\t\t\t\t<\/div>\n\t\t<div class=\"elementor-element elementor-element-536f3a7 e-con-full e-flex e-con e-parent\" data-id=\"536f3a7\" data-element_type=\"container\" data-e-type=\"container\">\n\t\t<div class=\"elementor-element elementor-element-1425bd6 e-con-full e-flex e-con e-child\" data-id=\"1425bd6\" data-element_type=\"container\" data-e-type=\"container\">\n\t\t\t\t<div class=\"elementor-element elementor-element-d53a3d6 elementor-widget__width-initial elementor-widget elementor-widget-html\" data-id=\"d53a3d6\" data-element_type=\"widget\" data-e-type=\"widget\" data-widget_type=\"html.default\">\n\t\t\t\t\t<div class=\"custom-section\">\n  <h2 class=\"savoir-faire-title\">The elegance of metal\n<\/h2>\n\n  <p class=\"custom-text\">\nThe design is then shaped using the reper\u00e7\u00e9 technique, carried out by hand using a bocfil, a precision tool that allows light to pass through the metal and reveal the delicacy of the pattern.\n\n  <\/p>\n<\/div>\n\t\t\t\t<\/div>\n\t\t\t\t<\/div>\n\t\t<div class=\"elementor-element elementor-element-0b82dca e-con-full e-flex e-con e-child\" data-id=\"0b82dca\" data-element_type=\"container\" data-e-type=\"container\">\n\t\t\t\t<div class=\"elementor-element elementor-element-04b843b elementor-widget elementor-widget-image\" data-id=\"04b843b\" data-element_type=\"widget\" data-e-type=\"widget\" data-widget_type=\"image.default\">\n\t\t\t\t\t\t\t\t\t\t\t\t\t\t\t<img decoding=\"async\" width=\"1263\" height=\"1046\" src=\"https:\/\/lateliernuanuaborabora.com\/wp-content\/uploads\/2025\/10\/jlas2yrzpv5qryqlhizj.webp\" class=\"attachment-1536x1536 size-1536x1536 wp-image-2499\" alt=\"bague\" srcset=\"https:\/\/lateliernuanuaborabora.com\/wp-content\/uploads\/2025\/10\/jlas2yrzpv5qryqlhizj.webp 1263w, https:\/\/lateliernuanuaborabora.com\/wp-content\/uploads\/2025\/10\/jlas2yrzpv5qryqlhizj-300x248.webp 300w, https:\/\/lateliernuanuaborabora.com\/wp-content\/uploads\/2025\/10\/jlas2yrzpv5qryqlhizj-1024x848.webp 1024w, https:\/\/lateliernuanuaborabora.com\/wp-content\/uploads\/2025\/10\/jlas2yrzpv5qryqlhizj-768x636.webp 768w, https:\/\/lateliernuanuaborabora.com\/wp-content\/uploads\/2025\/10\/jlas2yrzpv5qryqlhizj-14x12.webp 14w\" sizes=\"(max-width: 1263px) 100vw, 1263px\" \/>\t\t\t\t\t\t\t\t\t\t\t\t\t\t\t<\/div>\n\t\t\t\t<\/div>\n\t\t\t\t<\/div>\n\t\t<div class=\"elementor-element elementor-element-92eea7c e-con-full e-flex e-con e-parent\" data-id=\"92eea7c\" data-element_type=\"container\" data-e-type=\"container\">\n\t\t<div class=\"elementor-element elementor-element-df26464 e-con-full e-flex e-con e-child\" data-id=\"df26464\" data-element_type=\"container\" data-e-type=\"container\">\n\t\t\t\t<div class=\"elementor-element elementor-element-62fef95 elementor-widget__width-initial elementor-widget elementor-widget-html\" data-id=\"62fef95\" data-element_type=\"widget\" data-e-type=\"widget\" data-widget_type=\"html.default\">\n\t\t\t\t\t<div class=\"custom-section\">\n  <h2 class=\"savoir-faire-title\">Let's create your jewelry<\/h2>\n\n  <p class=\"custom-text\">\nAvailable in silver or 18-carat gold, and in different widths (from 5 to 10 mm), \neach \u201cTattoo ring\u201d becomes a unique and personal souvenir of your trip to Polynesia: a creation imbued with meaning and emotion. A unique design. Craftsmanship. A symbol that will accompany you for life. This concept is also available for the creation of \u201cTattoo bracelets.\u201d\n\n\n  <\/p>\n\n    <!-- Bouton -->\n  <a href=\"\/en\/#contact\" class=\"custom-section-button\">Contact us<\/a>\n<\/div>\n\t\t\t\t<\/div>\n\t\t\t\t<\/div>\n\t\t<div class=\"elementor-element elementor-element-5ff3c74 e-con-full e-flex e-con e-child\" data-id=\"5ff3c74\" data-element_type=\"container\" data-e-type=\"container\">\n\t\t\t\t<div class=\"elementor-element elementor-element-60bfff4 elementor-widget elementor-widget-image\" data-id=\"60bfff4\" data-element_type=\"widget\" data-e-type=\"widget\" data-widget_type=\"image.default\">\n\t\t\t\t\t\t\t\t\t\t\t\t\t\t\t<img loading=\"lazy\" decoding=\"async\" width=\"1272\" height=\"1046\" src=\"https:\/\/lateliernuanuaborabora.com\/wp-content\/uploads\/2025\/11\/Bague_Tattoo_004.webp\" class=\"attachment-1536x1536 size-1536x1536 wp-image-4686\" alt=\"\" srcset=\"https:\/\/lateliernuanuaborabora.com\/wp-content\/uploads\/2025\/11\/Bague_Tattoo_004.webp 1272w, https:\/\/lateliernuanuaborabora.com\/wp-content\/uploads\/2025\/11\/Bague_Tattoo_004-300x247.webp 300w, https:\/\/lateliernuanuaborabora.com\/wp-content\/uploads\/2025\/11\/Bague_Tattoo_004-1024x842.webp 1024w, https:\/\/lateliernuanuaborabora.com\/wp-content\/uploads\/2025\/11\/Bague_Tattoo_004-768x632.webp 768w, https:\/\/lateliernuanuaborabora.com\/wp-content\/uploads\/2025\/11\/Bague_Tattoo_004-15x12.webp 15w\" sizes=\"(max-width: 1272px) 100vw, 1272px\" \/>\t\t\t\t\t\t\t\t\t\t\t\t\t\t\t<\/div>\n\t\t\t\t<\/div>\n\t\t\t\t<\/div>\n\t\t\t\t<\/div>","protected":false},"excerpt":{"rendered":"<p>The tattoo ring La bague tattoo Certaines personnes gravent leurs souvenirs dans la peau, d\u2019autres les portent \u00e0 leur doigt. Cr\u00e9\u00e9e par Lucie, bijouti\u00e8re cr\u00e9atrice passionn\u00e9e, la bague tattoo personnalis\u00e9e est une cr\u00e9ation originale inspir\u00e9e des motifs traditionnels polyn\u00e9siens et marquisiens. Un symbole \u00e0 porter \u00e0 vie Cr\u00e9ation originale de Lucie, travaill\u00e9e en technique de [&hellip;]<\/p>\n","protected":false},"author":1,"featured_media":0,"parent":0,"menu_order":0,"comment_status":"closed","ping_status":"closed","template":"","meta":{"footnotes":""},"class_list":["post-2498","page","type-page","status-publish","hentry","entry"],"_hostinger_reach_plugin_has_subscription_block":false,"_hostinger_reach_plugin_is_elementor":false,"_links":{"self":[{"href":"https:\/\/lateliernuanuaborabora.com\/en\/wp-json\/wp\/v2\/pages\/2498","targetHints":{"allow":["GET"]}}],"collection":[{"href":"https:\/\/lateliernuanuaborabora.com\/en\/wp-json\/wp\/v2\/pages"}],"about":[{"href":"https:\/\/lateliernuanuaborabora.com\/en\/wp-json\/wp\/v2\/types\/page"}],"author":[{"embeddable":true,"href":"https:\/\/lateliernuanuaborabora.com\/en\/wp-json\/wp\/v2\/users\/1"}],"replies":[{"embeddable":true,"href":"https:\/\/lateliernuanuaborabora.com\/en\/wp-json\/wp\/v2\/comments?post=2498"}],"version-history":[{"count":71,"href":"https:\/\/lateliernuanuaborabora.com\/en\/wp-json\/wp\/v2\/pages\/2498\/revisions"}],"predecessor-version":[{"id":4689,"href":"https:\/\/lateliernuanuaborabora.com\/en\/wp-json\/wp\/v2\/pages\/2498\/revisions\/4689"}],"wp:attachment":[{"href":"https:\/\/lateliernuanuaborabora.com\/en\/wp-json\/wp\/v2\/media?parent=2498"}],"curies":[{"name":"wp","href":"https:\/\/api.w.org\/{rel}","templated":true}]}}