{"id":2350,"date":"2025-10-09T12:43:24","date_gmt":"2025-10-09T12:43:24","guid":{"rendered":"https:\/\/lateliernuanuaborabora.com\/?page_id=2350"},"modified":"2026-01-31T02:35:28","modified_gmt":"2026-01-31T02:35:28","slug":"pieces-uniques","status":"publish","type":"page","link":"https:\/\/lateliernuanuaborabora.com\/en\/pieces-uniques\/","title":{"rendered":"Pieces uniques"},"content":{"rendered":"<div data-elementor-type=\"wp-page\" data-elementor-id=\"2350\" class=\"elementor elementor-2350\">\n\t\t\t\t<div class=\"elementor-element elementor-element-30d47d6 e-con-full e-flex e-con e-parent\" data-id=\"30d47d6\" data-element_type=\"container\" data-e-type=\"container\" data-no-translation=\"\">\n\t\t\t\t<div class=\"elementor-element elementor-element-4f78f1a elementor-widget__width-initial elementor-widget elementor-widget-html\" data-id=\"4f78f1a\" data-element_type=\"widget\" data-e-type=\"widget\" data-widget_type=\"html.default\">\n\t\t\t\t\t<div class=\"custom-section\" id=\"atelier-nuanua-cire-en\">\n  <h1 class=\"custom-title\">\n    <span class=\"highlight-blue\">Unique <\/span> pieces\n  <\/h1>\n<\/div>\n\n\t\t\t\t<\/div>\n\t\t\t\t<\/div>\n\t\t<div class=\"elementor-element elementor-element-af2de04 e-con-full e-flex e-con e-parent\" data-id=\"af2de04\" data-element_type=\"container\" data-e-type=\"container\">\n\t\t\t\t<div class=\"elementor-element elementor-element-95e302b elementor-widget__width-initial elementor-widget elementor-widget-heading\" data-id=\"95e302b\" data-element_type=\"widget\" data-e-type=\"widget\" data-widget_type=\"heading.default\">\n\t\t\t\t\t<h2 class=\"elementor-heading-title elementor-size-default\">Each piece of jewelry is born from a dream, a vision that takes shape in Lucie's hands.\nIt all begins with a pearl chosen with patience. It becomes the heart of a story, the starting point for a setting that will be dedicated to it.<\/h2>\t\t\t\t<\/div>\n\t\t\t\t<\/div>\n\t\t<div class=\"elementor-element elementor-element-0ae4229 e-con-full e-flex e-con e-parent\" data-id=\"0ae4229\" data-element_type=\"container\" data-e-type=\"container\">\n\t\t<div class=\"elementor-element elementor-element-cf88cf6 e-con-full e-flex e-con e-child\" data-id=\"cf88cf6\" data-element_type=\"container\" data-e-type=\"container\">\n\t\t\t\t<div class=\"elementor-element elementor-element-0276b48 elementor-widget__width-initial elementor-widget elementor-widget-html\" data-id=\"0276b48\" data-element_type=\"widget\" data-e-type=\"widget\" data-widget_type=\"html.default\">\n\t\t\t\t\t<div class=\"custom-section\">\n  <h2 class=\"savoir-faire-title\">The sketch of a treasure\n<\/h2>\n\n  <p class=\"custom-text\">\nLucie then imagines the piece and sketches its lines. She meticulously sculpts a block of raw wax: the fragile and ephemeral wax becomes the vessel for a future treasure.\n\n  <\/p>\n<\/div>\n\t\t\t\t<\/div>\n\t\t\t\t<\/div>\n\t\t<div class=\"elementor-element elementor-element-4df8e54 e-con-full e-flex e-con e-child\" data-id=\"4df8e54\" data-element_type=\"container\" data-e-type=\"container\">\n\t\t\t\t<div class=\"elementor-element elementor-element-a81afe3 elementor-widget elementor-widget-image\" data-id=\"a81afe3\" data-element_type=\"widget\" data-e-type=\"widget\" data-widget_type=\"image.default\">\n\t\t\t\t\t\t\t\t\t\t\t\t\t\t\t<img fetchpriority=\"high\" decoding=\"async\" width=\"1263\" height=\"1046\" src=\"https:\/\/lateliernuanuaborabora.com\/wp-content\/uploads\/2026\/01\/Pieces_Uniques_001-1.webp\" class=\"attachment-1536x1536 size-1536x1536 wp-image-4816\" alt=\"\" srcset=\"https:\/\/lateliernuanuaborabora.com\/wp-content\/uploads\/2026\/01\/Pieces_Uniques_001-1.webp 1263w, https:\/\/lateliernuanuaborabora.com\/wp-content\/uploads\/2026\/01\/Pieces_Uniques_001-1-300x248.webp 300w, https:\/\/lateliernuanuaborabora.com\/wp-content\/uploads\/2026\/01\/Pieces_Uniques_001-1-1024x848.webp 1024w, https:\/\/lateliernuanuaborabora.com\/wp-content\/uploads\/2026\/01\/Pieces_Uniques_001-1-768x636.webp 768w, https:\/\/lateliernuanuaborabora.com\/wp-content\/uploads\/2026\/01\/Pieces_Uniques_001-1-14x12.webp 14w\" sizes=\"(max-width: 1263px) 100vw, 1263px\" \/>\t\t\t\t\t\t\t\t\t\t\t\t\t\t\t<\/div>\n\t\t\t\t<\/div>\n\t\t\t\t<\/div>\n\t\t<div class=\"elementor-element elementor-element-a43ffc4 e-con-full e-flex e-con e-parent\" data-id=\"a43ffc4\" data-element_type=\"container\" data-e-type=\"container\">\n\t\t<div class=\"elementor-element elementor-element-dfa99a6 e-con-full e-flex e-con e-child\" data-id=\"dfa99a6\" data-element_type=\"container\" data-e-type=\"container\">\n\t\t\t\t<div class=\"elementor-element elementor-element-66561b8 elementor-widget__width-initial elementor-widget elementor-widget-html\" data-id=\"66561b8\" data-element_type=\"widget\" data-e-type=\"widget\" data-widget_type=\"html.default\">\n\t\t\t\t\t<div class=\"custom-section\">\n  <h2 class=\"savoir-faire-title\">The metamorphosis<\/h2>\n\n  <p class=\"custom-text\">\nNext comes the metamorphosis. Thanks to the ancient process of lost wax casting, the sculpture disappears and is reborn in 925 sterling silver.\nThis ritual of transformation, almost alchemical in nature, gives rise to unique pieces: no two can be reproduced identically, because each wax sculpture is destined to disappear, giving way to its one and only incarnation in precious metal.\n\n  <\/p>\n\n<\/div>\n\t\t\t\t<\/div>\n\t\t\t\t<\/div>\n\t\t<div class=\"elementor-element elementor-element-390375c e-con-full e-flex e-con e-child\" data-id=\"390375c\" data-element_type=\"container\" data-e-type=\"container\">\n\t\t\t\t<div class=\"elementor-element elementor-element-4292640 elementor-widget elementor-widget-image\" data-id=\"4292640\" data-element_type=\"widget\" data-e-type=\"widget\" data-widget_type=\"image.default\">\n\t\t\t\t\t\t\t\t\t\t\t\t\t\t\t<img decoding=\"async\" width=\"1264\" height=\"1046\" src=\"https:\/\/lateliernuanuaborabora.com\/wp-content\/uploads\/2025\/10\/c9lraroibm4u2zja1ece.webp\" class=\"attachment-1536x1536 size-1536x1536 wp-image-2180\" alt=\"\" srcset=\"https:\/\/lateliernuanuaborabora.com\/wp-content\/uploads\/2025\/10\/c9lraroibm4u2zja1ece.webp 1264w, https:\/\/lateliernuanuaborabora.com\/wp-content\/uploads\/2025\/10\/c9lraroibm4u2zja1ece-300x248.webp 300w, https:\/\/lateliernuanuaborabora.com\/wp-content\/uploads\/2025\/10\/c9lraroibm4u2zja1ece-1024x847.webp 1024w, https:\/\/lateliernuanuaborabora.com\/wp-content\/uploads\/2025\/10\/c9lraroibm4u2zja1ece-768x636.webp 768w, https:\/\/lateliernuanuaborabora.com\/wp-content\/uploads\/2025\/10\/c9lraroibm4u2zja1ece-15x12.webp 15w\" sizes=\"(max-width: 1264px) 100vw, 1264px\" \/>\t\t\t\t\t\t\t\t\t\t\t\t\t\t\t<\/div>\n\t\t\t\t<\/div>\n\t\t\t\t<\/div>\n\t\t<div class=\"elementor-element elementor-element-536f3a7 e-con-full e-flex e-con e-parent\" data-id=\"536f3a7\" data-element_type=\"container\" data-e-type=\"container\">\n\t\t<div class=\"elementor-element elementor-element-1425bd6 e-con-full e-flex e-con e-child\" data-id=\"1425bd6\" data-element_type=\"container\" data-e-type=\"container\">\n\t\t\t\t<div class=\"elementor-element elementor-element-d53a3d6 elementor-widget__width-initial elementor-widget elementor-widget-html\" data-id=\"d53a3d6\" data-element_type=\"widget\" data-e-type=\"widget\" data-widget_type=\"html.default\">\n\t\t\t\t\t<div class=\"custom-section\">\n  <h2 class=\"savoir-faire-title\">The pearl box\n<\/h2>\n\n  <p class=\"custom-text\">\nThe pearls, chosen one by one, thus find their perfect setting. Some creations close like an embrace around a keshi or an exceptional Tahitian pearl, hugging its shape, highlighting its reflections and revealing its beauty.\n\n\n  <\/p>\n<\/div>\n\t\t\t\t<\/div>\n\t\t\t\t<\/div>\n\t\t<div class=\"elementor-element elementor-element-0b82dca e-con-full e-flex e-con e-child\" data-id=\"0b82dca\" data-element_type=\"container\" data-e-type=\"container\">\n\t\t\t\t<div class=\"elementor-element elementor-element-04b843b elementor-widget elementor-widget-image\" data-id=\"04b843b\" data-element_type=\"widget\" data-e-type=\"widget\" data-widget_type=\"image.default\">\n\t\t\t\t\t\t\t\t\t\t\t\t\t\t\t<img decoding=\"async\" width=\"1263\" height=\"1046\" src=\"https:\/\/lateliernuanuaborabora.com\/wp-content\/uploads\/2026\/01\/Pieces_Uniques_003.webp\" class=\"attachment-1536x1536 size-1536x1536 wp-image-4812\" alt=\"\" srcset=\"https:\/\/lateliernuanuaborabora.com\/wp-content\/uploads\/2026\/01\/Pieces_Uniques_003.webp 1263w, https:\/\/lateliernuanuaborabora.com\/wp-content\/uploads\/2026\/01\/Pieces_Uniques_003-300x248.webp 300w, https:\/\/lateliernuanuaborabora.com\/wp-content\/uploads\/2026\/01\/Pieces_Uniques_003-1024x848.webp 1024w, https:\/\/lateliernuanuaborabora.com\/wp-content\/uploads\/2026\/01\/Pieces_Uniques_003-768x636.webp 768w, https:\/\/lateliernuanuaborabora.com\/wp-content\/uploads\/2026\/01\/Pieces_Uniques_003-14x12.webp 14w\" sizes=\"(max-width: 1263px) 100vw, 1263px\" \/>\t\t\t\t\t\t\t\t\t\t\t\t\t\t\t<\/div>\n\t\t\t\t<\/div>\n\t\t\t\t<\/div>\n\t\t<div class=\"elementor-element elementor-element-92eea7c e-con-full e-flex e-con e-parent\" data-id=\"92eea7c\" data-element_type=\"container\" data-e-type=\"container\">\n\t\t<div class=\"elementor-element elementor-element-df26464 e-con-full e-flex e-con e-child\" data-id=\"df26464\" data-element_type=\"container\" data-e-type=\"container\">\n\t\t\t\t<div class=\"elementor-element elementor-element-62fef95 elementor-widget__width-initial elementor-widget elementor-widget-html\" data-id=\"62fef95\" data-element_type=\"widget\" data-e-type=\"widget\" data-widget_type=\"html.default\">\n\t\t\t\t\t<div class=\"custom-section\">\n  <h2 class=\"savoir-faire-title\">A story to wear<\/h2>\n\n  <p class=\"custom-text\">\nEach piece of jewelry tells the story of an intimate encounter between material and imagination, between the nobility of silver and the poetry of Tahitian pearls.\nWhen you wear one of these pieces, you carry with you a story that has been patiently crafted by hand, a dream solidified in silver, designed to magnify the uniqueness of each pearl.\n\n\n  <\/p>\n\n<\/div>\n\t\t\t\t<\/div>\n\t\t\t\t<\/div>\n\t\t<div class=\"elementor-element elementor-element-5ff3c74 e-con-full e-flex e-con e-child\" data-id=\"5ff3c74\" data-element_type=\"container\" data-e-type=\"container\">\n\t\t\t\t<div class=\"elementor-element elementor-element-60bfff4 elementor-widget elementor-widget-image\" data-id=\"60bfff4\" data-element_type=\"widget\" data-e-type=\"widget\" data-widget_type=\"image.default\">\n\t\t\t\t\t\t\t\t\t\t\t\t\t\t\t<img loading=\"lazy\" decoding=\"async\" width=\"1272\" height=\"1046\" src=\"https:\/\/lateliernuanuaborabora.com\/wp-content\/uploads\/2026\/01\/Pieces_Uniques_004.webp\" class=\"attachment-1536x1536 size-1536x1536 wp-image-4820\" alt=\"\" srcset=\"https:\/\/lateliernuanuaborabora.com\/wp-content\/uploads\/2026\/01\/Pieces_Uniques_004.webp 1272w, https:\/\/lateliernuanuaborabora.com\/wp-content\/uploads\/2026\/01\/Pieces_Uniques_004-300x247.webp 300w, https:\/\/lateliernuanuaborabora.com\/wp-content\/uploads\/2026\/01\/Pieces_Uniques_004-1024x842.webp 1024w, https:\/\/lateliernuanuaborabora.com\/wp-content\/uploads\/2026\/01\/Pieces_Uniques_004-768x632.webp 768w, https:\/\/lateliernuanuaborabora.com\/wp-content\/uploads\/2026\/01\/Pieces_Uniques_004-15x12.webp 15w\" sizes=\"(max-width: 1272px) 100vw, 1272px\" \/>\t\t\t\t\t\t\t\t\t\t\t\t\t\t\t<\/div>\n\t\t\t\t<\/div>\n\t\t\t\t<\/div>\n\t\t<div class=\"elementor-element elementor-element-7abc0cc e-con-full e-flex e-con e-parent\" data-id=\"7abc0cc\" data-element_type=\"container\" data-e-type=\"container\">\n\t\t\t\t<div class=\"elementor-element elementor-element-aab60d7 elementor-widget__width-initial elementor-widget elementor-widget-html\" data-id=\"aab60d7\" data-element_type=\"widget\" data-e-type=\"widget\" data-widget_type=\"html.default\">\n\t\t\t\t\t<div class=\"custom-section\" id=\"atelier-nuanua-section\">\n  <h2 class=\"savoir-faire-title\">\n  Lost wax jewelry\n\n  <\/h2>\n<\/div>\n\t\t\t\t<\/div>\n\t\t\t\t<\/div>\n\t\t<div class=\"elementor-element elementor-element-02da15d e-flex e-con-boxed e-con e-parent\" data-id=\"02da15d\" data-element_type=\"container\" data-e-type=\"container\">\n\t\t\t\t\t<div class=\"e-con-inner\">\n\t\t\t\t<div class=\"elementor-element elementor-element-e6a330b elementor-widget elementor-widget-html\" data-id=\"e6a330b\" data-element_type=\"widget\" data-e-type=\"widget\" data-widget_type=\"html.default\">\n\t\t\t\t\t   <div class=\"image-grid\">\n  <div class=\"image-item\">\n    <img decoding=\"async\" src=\"https:\/\/lateliernuanuaborabora.com\/wp-content\/uploads\/2025\/10\/Pieces_Uniques_006.webp\" alt=\"Image 2\">\n    <div class=\"overlay\">\n      <div class=\"custom-title\">Solid silver bracelet \u201cToi et Moi Octopus\u201d with two Tahitian pearls\n<\/div>\n      <a href=\"\/en\/nos-creations\/?filter=cire#shop-module\" class=\"custom-link\">Discover our other lost wax jewelry<\/a>\n    <\/div>\n  <\/div>\n\n\n  <div class=\"image-item\">\n    <img decoding=\"async\" src=\"https:\/\/lateliernuanuaborabora.com\/wp-content\/uploads\/2025\/10\/Pieces_Uniques_008.webp\" alt=\"Image 2\">\n    <div class=\"overlay\">\n      <div class=\"custom-title\">Solid silver ring \u201cToi et Moi wave\u201d with two Tahitian pearls\n<\/div>\n      <a href=\"\/en\/nos-creations\/?filter=cire#shop-module\" class=\"custom-link\">Discover our other lost wax jewelry<\/a>\n    <\/div>\n  <\/div>\n\n  <div class=\"image-item\">\n    <img decoding=\"async\" src=\"https:\/\/lateliernuanuaborabora.com\/wp-content\/uploads\/2025\/10\/h0k1aiqvjv9wvswzqtqa.webp\" alt=\"Image 3\">\n    <div class=\"overlay\">\n      <div class=\"custom-title\">Solid silver \u201cOctopus\u201d pendant with six Tahitian pearls<\/div>\n      <a href=\"\/en\/nos-creations\/?filter=cire#shop-module\" class=\"custom-link\">Discover our other lost wax jewelry<\/a>\n    <\/div>\n  <\/div>\n\n  <div class=\"image-item\">\n    <img decoding=\"async\" src=\"https:\/\/lateliernuanuaborabora.com\/wp-content\/uploads\/2025\/10\/rqao3dwd3mpwtkxhymao.webp\" alt=\"Image 1\">\n    <div class=\"overlay\">\n      <div class=\"custom-title\">Solid silver \u201cOctopus\u201d ring with a Tahitian pearl<\/div>\n      <a href=\"\/en\/nos-creations\/?filter=cire#shop-module\" class=\"custom-link\">Discover our other lost wax jewelry<\/a>\n    <\/div>\n  <\/div>\n\n  <div class=\"image-item\">\n    <img decoding=\"async\" src=\"https:\/\/lateliernuanuaborabora.com\/wp-content\/uploads\/2025\/10\/repeml2xvhwzh1gdhmzc.webp\" alt=\"Image 5\">\n    <div class=\"overlay\">\n      <div class=\"custom-title\">Solid silver \u201cOctopus\u201d pendant with a Tahitian pearl\n<\/div>\n      <a href=\"\/en\/nos-creations\/?filter=cire#shop-module\" class=\"custom-link\">Discover our other lost wax jewelry<\/a>\n    <\/div>\n  <\/div>\n\n  <div class=\"image-item\">\n    <img decoding=\"async\" src=\"https:\/\/lateliernuanuaborabora.com\/wp-content\/uploads\/2025\/10\/esqetizajpim5owyjjti.webp\" alt=\"Image 6\">\n    <div class=\"overlay\">\n      <div class=\"custom-title\">Brushed solid silver ring with a Tahitian pearl<\/div>\n      <a href=\"\/en\/nos-creations\/?filter=cire#shop-module\" class=\"custom-link\">Discover our other lost wax jewelry<\/a>\n    <\/div>\n  <\/div>\n<\/div>\n\t\t\t\t<\/div>\n\t\t\t\t\t<\/div>\n\t\t\t\t<\/div>\n\t\t\t\t<\/div>","protected":false},"excerpt":{"rendered":"<p>Unique pieces Des pi\u00e8ces uniques Chaque bijou na\u00eet d\u2019un r\u00eave, d\u2019une vision qui prend forme entre les mains de Lucie. Tout commence par une perle choisie avec patience. Elle devient le c\u0153ur d\u2019une histoire, le point de d\u00e9part d\u2019un \u00e9crin qui lui sera d\u00e9di\u00e9. L\u2019esquisse d\u2019un tr\u00e9sor Lucie imagine alors la pi\u00e8ce et esquisse ses [&hellip;]<\/p>\n","protected":false},"author":1,"featured_media":0,"parent":0,"menu_order":0,"comment_status":"closed","ping_status":"closed","template":"","meta":{"footnotes":""},"class_list":["post-2350","page","type-page","status-publish","hentry","entry"],"_hostinger_reach_plugin_has_subscription_block":false,"_hostinger_reach_plugin_is_elementor":false,"_links":{"self":[{"href":"https:\/\/lateliernuanuaborabora.com\/en\/wp-json\/wp\/v2\/pages\/2350","targetHints":{"allow":["GET"]}}],"collection":[{"href":"https:\/\/lateliernuanuaborabora.com\/en\/wp-json\/wp\/v2\/pages"}],"about":[{"href":"https:\/\/lateliernuanuaborabora.com\/en\/wp-json\/wp\/v2\/types\/page"}],"author":[{"embeddable":true,"href":"https:\/\/lateliernuanuaborabora.com\/en\/wp-json\/wp\/v2\/users\/1"}],"replies":[{"embeddable":true,"href":"https:\/\/lateliernuanuaborabora.com\/en\/wp-json\/wp\/v2\/comments?post=2350"}],"version-history":[{"count":137,"href":"https:\/\/lateliernuanuaborabora.com\/en\/wp-json\/wp\/v2\/pages\/2350\/revisions"}],"predecessor-version":[{"id":4823,"href":"https:\/\/lateliernuanuaborabora.com\/en\/wp-json\/wp\/v2\/pages\/2350\/revisions\/4823"}],"wp:attachment":[{"href":"https:\/\/lateliernuanuaborabora.com\/en\/wp-json\/wp\/v2\/media?parent=2350"}],"curies":[{"name":"wp","href":"https:\/\/api.w.org\/{rel}","templated":true}]}}