{"id":2345,"date":"2025-10-09T12:28:48","date_gmt":"2025-10-09T12:28:48","guid":{"rendered":"https:\/\/lateliernuanuaborabora.com\/?page_id=2345"},"modified":"2026-01-08T03:30:32","modified_gmt":"2026-01-08T03:30:32","slug":"colliers-perles","status":"publish","type":"page","link":"https:\/\/lateliernuanuaborabora.com\/en\/colliers-perles\/","title":{"rendered":"Pearl necklaces"},"content":{"rendered":"<div data-elementor-type=\"wp-page\" data-elementor-id=\"2345\" class=\"elementor elementor-2345\">\n\t\t\t\t<div class=\"elementor-element elementor-element-30d47d6 e-con-full e-flex e-con e-parent\" data-id=\"30d47d6\" data-element_type=\"container\" data-e-type=\"container\">\n\t\t\t\t<div class=\"elementor-element elementor-element-4f78f1a elementor-widget__width-initial elementor-widget elementor-widget-html\" data-id=\"4f78f1a\" data-element_type=\"widget\" data-e-type=\"widget\" data-widget_type=\"html.default\">\n\t\t\t\t\t<div class=\"custom-section\" id=\"atelier-nuanua-perle\">\n  <h1 class=\"custom-title\">\n    The creation of \n \n<span class=\"highlight-blue\">pearl necklaces<\/span>\n  <\/h1>\n<\/div>\n\t\t\t\t<\/div>\n\t\t\t\t<\/div>\n\t\t<div class=\"elementor-element elementor-element-af2de04 e-con-full e-flex e-con e-parent\" data-id=\"af2de04\" data-element_type=\"container\" data-e-type=\"container\">\n\t\t\t\t<div class=\"elementor-element elementor-element-95e302b elementor-widget__width-initial elementor-widget elementor-widget-heading\" data-id=\"95e302b\" data-element_type=\"widget\" data-e-type=\"widget\" data-widget_type=\"heading.default\">\n\t\t\t\t\t<h2 class=\"elementor-heading-title elementor-size-default\">Each pearl necklace designed by Lucie is much more than a piece of jewelry: it is a unique piece, conceived as a true work of art. Unlike \nthe standardized creations of traditional jewelry stores, her necklaces are the result of extensive research and composition.\n<\/h2>\t\t\t\t<\/div>\n\t\t\t\t<\/div>\n\t\t<div class=\"elementor-element elementor-element-0ae4229 e-con-full e-flex e-con e-parent\" data-id=\"0ae4229\" data-element_type=\"container\" data-e-type=\"container\">\n\t\t<div class=\"elementor-element elementor-element-cf88cf6 e-con-full e-flex e-con e-child\" data-id=\"cf88cf6\" data-element_type=\"container\" data-e-type=\"container\">\n\t\t\t\t<div class=\"elementor-element elementor-element-0276b48 elementor-widget__width-initial elementor-widget elementor-widget-html\" data-id=\"0276b48\" data-element_type=\"widget\" data-e-type=\"widget\" data-widget_type=\"html.default\">\n\t\t\t\t\t<div class=\"custom-section\">\n  <h2 class=\"savoir-faire-title\">The art of choice and harmony\n<\/h2>\n\n  <p class=\"custom-text\">\nEach pearl is chosen with special care: for its color, its reflections, its \nshape, and the emotion it brings to the whole. \nNothing is left to chance. Lucie thus composes rich and unique harmonies, where the differences between each pearl become a strength.\n\n\n\n  <\/p>\n<\/div>\n\t\t\t\t<\/div>\n\t\t\t\t<\/div>\n\t\t<div class=\"elementor-element elementor-element-4df8e54 e-con-full e-flex e-con e-child\" data-id=\"4df8e54\" data-element_type=\"container\" data-e-type=\"container\">\n\t\t\t\t<div class=\"elementor-element elementor-element-a81afe3 elementor-widget elementor-widget-image\" data-id=\"a81afe3\" data-element_type=\"widget\" data-e-type=\"widget\" data-widget_type=\"image.default\">\n\t\t\t\t\t\t\t\t\t\t\t\t\t\t\t<img fetchpriority=\"high\" decoding=\"async\" width=\"1263\" height=\"1046\" src=\"https:\/\/lateliernuanuaborabora.com\/wp-content\/uploads\/2025\/10\/voqma5naw6qbzzwsbcrw.webp\" class=\"attachment-1536x1536 size-1536x1536 wp-image-2325\" alt=\"colliers de perles\" srcset=\"https:\/\/lateliernuanuaborabora.com\/wp-content\/uploads\/2025\/10\/voqma5naw6qbzzwsbcrw.webp 1263w, https:\/\/lateliernuanuaborabora.com\/wp-content\/uploads\/2025\/10\/voqma5naw6qbzzwsbcrw-300x248.webp 300w, https:\/\/lateliernuanuaborabora.com\/wp-content\/uploads\/2025\/10\/voqma5naw6qbzzwsbcrw-1024x848.webp 1024w, https:\/\/lateliernuanuaborabora.com\/wp-content\/uploads\/2025\/10\/voqma5naw6qbzzwsbcrw-768x636.webp 768w, https:\/\/lateliernuanuaborabora.com\/wp-content\/uploads\/2025\/10\/voqma5naw6qbzzwsbcrw-14x12.webp 14w\" sizes=\"(max-width: 1263px) 100vw, 1263px\" \/>\t\t\t\t\t\t\t\t\t\t\t\t\t\t\t<\/div>\n\t\t\t\t<\/div>\n\t\t\t\t<\/div>\n\t\t<div class=\"elementor-element elementor-element-a43ffc4 e-con-full e-flex e-con e-parent\" data-id=\"a43ffc4\" data-element_type=\"container\" data-e-type=\"container\">\n\t\t<div class=\"elementor-element elementor-element-dfa99a6 e-con-full e-flex e-con e-child\" data-id=\"dfa99a6\" data-element_type=\"container\" data-e-type=\"container\">\n\t\t\t\t<div class=\"elementor-element elementor-element-66561b8 elementor-widget__width-initial elementor-widget elementor-widget-html\" data-id=\"66561b8\" data-element_type=\"widget\" data-e-type=\"widget\" data-widget_type=\"html.default\">\n\t\t\t\t\t<div class=\"custom-section\">\n  <h2 class=\"savoir-faire-title\">Les Keshis de Tahiti<\/h2>\n\n  <p class=\"custom-text\">\nFor example, she sometimes subtly mixes Tahitian pearls of all shapes with natural Keshi pearls. The latter, which form spontaneously in oysters, are distinguished by their free and irregular shapes, with multiple reflections ranging from silvery gray to deep green, sometimes tinged with golden or pink highlights. Rare and authentic, they give the necklace its character and depth.\n\n  <\/p>\n\n<\/div>\n\t\t\t\t<\/div>\n\t\t\t\t<\/div>\n\t\t<div class=\"elementor-element elementor-element-390375c e-con-full e-flex e-con e-child\" data-id=\"390375c\" data-element_type=\"container\" data-e-type=\"container\">\n\t\t\t\t<div class=\"elementor-element elementor-element-4292640 elementor-widget elementor-widget-image\" data-id=\"4292640\" data-element_type=\"widget\" data-e-type=\"widget\" data-widget_type=\"image.default\">\n\t\t\t\t\t\t\t\t\t\t\t\t\t\t\t<img decoding=\"async\" width=\"1272\" height=\"1046\" src=\"https:\/\/lateliernuanuaborabora.com\/wp-content\/uploads\/2025\/10\/hjedw6yt4zbnzdy2m4tc.webp\" class=\"attachment-1536x1536 size-1536x1536 wp-image-2320\" alt=\"\" srcset=\"https:\/\/lateliernuanuaborabora.com\/wp-content\/uploads\/2025\/10\/hjedw6yt4zbnzdy2m4tc.webp 1272w, https:\/\/lateliernuanuaborabora.com\/wp-content\/uploads\/2025\/10\/hjedw6yt4zbnzdy2m4tc-300x247.webp 300w, https:\/\/lateliernuanuaborabora.com\/wp-content\/uploads\/2025\/10\/hjedw6yt4zbnzdy2m4tc-1024x842.webp 1024w, https:\/\/lateliernuanuaborabora.com\/wp-content\/uploads\/2025\/10\/hjedw6yt4zbnzdy2m4tc-768x632.webp 768w, https:\/\/lateliernuanuaborabora.com\/wp-content\/uploads\/2025\/10\/hjedw6yt4zbnzdy2m4tc-15x12.webp 15w\" sizes=\"(max-width: 1272px) 100vw, 1272px\" \/>\t\t\t\t\t\t\t\t\t\t\t\t\t\t\t<\/div>\n\t\t\t\t<\/div>\n\t\t\t\t<\/div>\n\t\t<div class=\"elementor-element elementor-element-536f3a7 e-con-full e-flex e-con e-parent\" data-id=\"536f3a7\" data-element_type=\"container\" data-e-type=\"container\">\n\t\t<div class=\"elementor-element elementor-element-1425bd6 e-con-full e-flex e-con e-child\" data-id=\"1425bd6\" data-element_type=\"container\" data-e-type=\"container\">\n\t\t\t\t<div class=\"elementor-element elementor-element-d53a3d6 elementor-widget__width-initial elementor-widget elementor-widget-html\" data-id=\"d53a3d6\" data-element_type=\"widget\" data-e-type=\"widget\" data-widget_type=\"html.default\">\n\t\t\t\t\t<div class=\"custom-section\">\n  <h2 class=\"savoir-faire-title\">Harmony born of contrasts\n<\/h2>\n\n  <p class=\"custom-text\">\nIn this work, each pearl, imperfect and unique, finds its place alongside the others. Together, they form a harmonious composition full of personality, reflecting the stages of life and the years lived: all different, but beautiful in their unity.\n\n\n  <\/p>\n<\/div>\n\t\t\t\t<\/div>\n\t\t\t\t<\/div>\n\t\t<div class=\"elementor-element elementor-element-0b82dca e-con-full e-flex e-con e-child\" data-id=\"0b82dca\" data-element_type=\"container\" data-e-type=\"container\">\n\t\t\t\t<div class=\"elementor-element elementor-element-04b843b elementor-widget elementor-widget-image\" data-id=\"04b843b\" data-element_type=\"widget\" data-e-type=\"widget\" data-widget_type=\"image.default\">\n\t\t\t\t\t\t\t\t\t\t\t\t\t\t\t<img decoding=\"async\" width=\"1263\" height=\"1046\" src=\"https:\/\/lateliernuanuaborabora.com\/wp-content\/uploads\/2025\/10\/p8vo7iscrdcnrq5timps.webp\" class=\"attachment-1536x1536 size-1536x1536 wp-image-2322\" alt=\"\" srcset=\"https:\/\/lateliernuanuaborabora.com\/wp-content\/uploads\/2025\/10\/p8vo7iscrdcnrq5timps.webp 1263w, https:\/\/lateliernuanuaborabora.com\/wp-content\/uploads\/2025\/10\/p8vo7iscrdcnrq5timps-300x248.webp 300w, https:\/\/lateliernuanuaborabora.com\/wp-content\/uploads\/2025\/10\/p8vo7iscrdcnrq5timps-1024x848.webp 1024w, https:\/\/lateliernuanuaborabora.com\/wp-content\/uploads\/2025\/10\/p8vo7iscrdcnrq5timps-768x636.webp 768w, https:\/\/lateliernuanuaborabora.com\/wp-content\/uploads\/2025\/10\/p8vo7iscrdcnrq5timps-14x12.webp 14w\" sizes=\"(max-width: 1263px) 100vw, 1263px\" \/>\t\t\t\t\t\t\t\t\t\t\t\t\t\t\t<\/div>\n\t\t\t\t<\/div>\n\t\t\t\t<\/div>\n\t\t<div class=\"elementor-element elementor-element-92eea7c e-con-full e-flex e-con e-parent\" data-id=\"92eea7c\" data-element_type=\"container\" data-e-type=\"container\">\n\t\t<div class=\"elementor-element elementor-element-df26464 e-con-full e-flex e-con e-child\" data-id=\"df26464\" data-element_type=\"container\" data-e-type=\"container\">\n\t\t\t\t<div class=\"elementor-element elementor-element-62fef95 elementor-widget__width-initial elementor-widget elementor-widget-html\" data-id=\"62fef95\" data-element_type=\"widget\" data-e-type=\"widget\" data-widget_type=\"html.default\">\n\t\t\t\t\t<div class=\"custom-section\">\n  <h2 class=\"savoir-faire-title\">Craftsmanship<\/h2>\n\n  <p class=\"custom-text\">\nEach necklace is hand-assembled by Lucie, using a double silk thread knotted between each bead, ensuring strength and fluidity. The finish is provided by a discreet and refined silver or 18-karat gold clasp.\n\n  <\/p>\n\n<\/div>\n\t\t\t\t<\/div>\n\t\t\t\t<\/div>\n\t\t<div class=\"elementor-element elementor-element-5ff3c74 e-con-full e-flex e-con e-child\" data-id=\"5ff3c74\" data-element_type=\"container\" data-e-type=\"container\">\n\t\t\t\t<div class=\"elementor-element elementor-element-60bfff4 elementor-widget elementor-widget-image\" data-id=\"60bfff4\" data-element_type=\"widget\" data-e-type=\"widget\" data-widget_type=\"image.default\">\n\t\t\t\t\t\t\t\t\t\t\t\t\t\t\t<img loading=\"lazy\" decoding=\"async\" width=\"1272\" height=\"1046\" src=\"https:\/\/lateliernuanuaborabora.com\/wp-content\/uploads\/2026\/01\/Colliers_Perles_004.webp\" class=\"attachment-1536x1536 size-1536x1536 wp-image-4697\" alt=\"\" srcset=\"https:\/\/lateliernuanuaborabora.com\/wp-content\/uploads\/2026\/01\/Colliers_Perles_004.webp 1272w, https:\/\/lateliernuanuaborabora.com\/wp-content\/uploads\/2026\/01\/Colliers_Perles_004-300x247.webp 300w, https:\/\/lateliernuanuaborabora.com\/wp-content\/uploads\/2026\/01\/Colliers_Perles_004-1024x842.webp 1024w, https:\/\/lateliernuanuaborabora.com\/wp-content\/uploads\/2026\/01\/Colliers_Perles_004-768x632.webp 768w, https:\/\/lateliernuanuaborabora.com\/wp-content\/uploads\/2026\/01\/Colliers_Perles_004-15x12.webp 15w\" sizes=\"(max-width: 1272px) 100vw, 1272px\" \/>\t\t\t\t\t\t\t\t\t\t\t\t\t\t\t<\/div>\n\t\t\t\t<\/div>\n\t\t\t\t<\/div>\n\t\t<div class=\"elementor-element elementor-element-39a898a e-con-full e-flex e-con e-parent\" data-id=\"39a898a\" data-element_type=\"container\" data-e-type=\"container\">\n\t\t\t\t<div class=\"elementor-element elementor-element-3cc91bf elementor-widget__width-initial elementor-widget elementor-widget-html\" data-id=\"3cc91bf\" data-element_type=\"widget\" data-e-type=\"widget\" data-widget_type=\"html.default\">\n\t\t\t\t\t<div class=\"custom-section\" id=\"atelier-nuanua-section\">\n  <h2 class=\"savoir-faire-title\">\n   Pearl necklaces\n\n  <\/h2>\n<\/div>\n\t\t\t\t<\/div>\n\t\t\t\t<\/div>\n\t\t<div class=\"elementor-element elementor-element-db48ad5 e-flex e-con-boxed e-con e-parent\" data-id=\"db48ad5\" data-element_type=\"container\" data-e-type=\"container\">\n\t\t\t\t\t<div class=\"e-con-inner\">\n\t\t\t\t<div class=\"elementor-element elementor-element-c12f895 elementor-widget elementor-widget-html\" data-id=\"c12f895\" data-element_type=\"widget\" data-e-type=\"widget\" data-widget_type=\"html.default\">\n\t\t\t\t\t<div class=\"image-grid\">\n  <div class=\"image-item\">\n    <img decoding=\"async\" src=\"https:\/\/lateliernuanuaborabora.com\/wp-content\/uploads\/2025\/10\/sawvl6rq7bcdexgsyfpw.webp\" alt=\"Image 1\">\n    <div class=\"overlay\">\n      <div class=\"custom-title\">Tahitian Pearl Necklace on Silk Thread<\/div>\n      <a href=\"\/en\/nos-creations\/?filter=collier#shop-module\" class=\"custom-link\">Discover our other pearl necklaces<\/a>\n    <\/div>\n  <\/div>\n\n  <div class=\"image-item\">\n    <img decoding=\"async\" src=\"https:\/\/lateliernuanuaborabora.com\/wp-content\/uploads\/2025\/10\/ia8sqrgf86k1bhhb5rpl.webp\" alt=\"Image 2\">\n    <div class=\"overlay\">\n      <div class=\"custom-title\">Tahitian Pearl and Keshis Necklace on Silk Cord<\/div>\n      <a href=\"\/en\/nos-creations\/?filter=collier#shop-module\" class=\"custom-link\">Discover our other pearl necklaces<\/a>\n    <\/div>\n  <\/div>\n\n  <div class=\"image-item\">\n    <img decoding=\"async\" src=\"https:\/\/lateliernuanuaborabora.com\/wp-content\/uploads\/2025\/10\/ogkkrdut3kclixpakzvt.webp\" alt=\"Image 3\">\n    <div class=\"overlay\">\n      <div class=\"custom-title\">Tahitian Keshis necklace on silk thread<\/div>\n      <a href=\"\/en\/nos-creations\/?filter=collier#shop-module\" class=\"custom-link\">Discover our other pearl necklaces<\/a>\n    <\/div>\n  <\/div>\n\n  <div class=\"image-item\">\n    <img decoding=\"async\" src=\"https:\/\/lateliernuanuaborabora.com\/wp-content\/uploads\/2025\/10\/g1lr5e1alibp9sutymth.webp\" alt=\"Image 4\">\n    <div class=\"overlay\">\n      <div class=\"custom-title\">Tahitian Pearl Necklace on Silk Thread<\/div>\n      <a href=\"\/en\/nos-creations\/?filter=collier#shop-module\" class=\"custom-link\">Discover our other pearl necklaces<\/a>\n    <\/div>\n  <\/div>\n\n  <div class=\"image-item\">\n    <img decoding=\"async\" src=\"https:\/\/lateliernuanuaborabora.com\/wp-content\/uploads\/2025\/10\/irhlwlml90vh9u2ucsqf.webp\" alt=\"Image 5\">\n    <div class=\"overlay\">\n      <div class=\"custom-title\">Tahitian Pearl Necklace on Silk Thread<\/div>\n      <a href=\"\/en\/nos-creations\/?filter=collier#shop-module\" class=\"custom-link\">Discover our other pearl necklaces<\/a>\n    <\/div>\n  <\/div>\n\n  <div class=\"image-item\">\n    <img decoding=\"async\" src=\"https:\/\/lateliernuanuaborabora.com\/wp-content\/uploads\/2025\/10\/swnhtw90btq01g4fly5o.webp\" alt=\"Image 6\">\n    <div class=\"overlay\">\n      <div class=\"custom-title\">Tahitian Pearl Necklace on Silk Thread<\/div>\n      <a href=\"\/en\/nos-creations\/?filter=collier#shop-module\" class=\"custom-link\">Discover our other pearl necklaces<\/a>\n    <\/div>\n  <\/div>\n<\/div>\n\t\t\t\t<\/div>\n\t\t\t\t\t<\/div>\n\t\t\t\t<\/div>\n\t\t\t\t<\/div>","protected":false},"excerpt":{"rendered":"<p>La cr\u00e9ation des colliers de perles Chaque collier de perle con\u00e7u par Lucie est bien plus qu\u2019un bijou : c\u2019est une pi\u00e8ce unique, pens\u00e9e comme une v\u00e9ritable \u0153uvre d\u2019art. Contrairement aux cr\u00e9ations standardis\u00e9es des bijouteries traditionnelles, ses colliers naissent d\u2019un long travail de recherche et de composition. L\u2019art du choix et de l\u2019harmonie Chaque perle [&hellip;]<\/p>\n","protected":false},"author":1,"featured_media":0,"parent":0,"menu_order":0,"comment_status":"closed","ping_status":"closed","template":"","meta":{"footnotes":""},"class_list":["post-2345","page","type-page","status-publish","hentry","entry"],"_hostinger_reach_plugin_has_subscription_block":false,"_hostinger_reach_plugin_is_elementor":false,"_links":{"self":[{"href":"https:\/\/lateliernuanuaborabora.com\/en\/wp-json\/wp\/v2\/pages\/2345","targetHints":{"allow":["GET"]}}],"collection":[{"href":"https:\/\/lateliernuanuaborabora.com\/en\/wp-json\/wp\/v2\/pages"}],"about":[{"href":"https:\/\/lateliernuanuaborabora.com\/en\/wp-json\/wp\/v2\/types\/page"}],"author":[{"embeddable":true,"href":"https:\/\/lateliernuanuaborabora.com\/en\/wp-json\/wp\/v2\/users\/1"}],"replies":[{"embeddable":true,"href":"https:\/\/lateliernuanuaborabora.com\/en\/wp-json\/wp\/v2\/comments?post=2345"}],"version-history":[{"count":114,"href":"https:\/\/lateliernuanuaborabora.com\/en\/wp-json\/wp\/v2\/pages\/2345\/revisions"}],"predecessor-version":[{"id":4708,"href":"https:\/\/lateliernuanuaborabora.com\/en\/wp-json\/wp\/v2\/pages\/2345\/revisions\/4708"}],"wp:attachment":[{"href":"https:\/\/lateliernuanuaborabora.com\/en\/wp-json\/wp\/v2\/media?parent=2345"}],"curies":[{"name":"wp","href":"https:\/\/api.w.org\/{rel}","templated":true}]}}