{"id":2313,"date":"2025-10-09T12:07:01","date_gmt":"2025-10-09T12:07:01","guid":{"rendered":"https:\/\/lateliernuanuaborabora.com\/?page_id=2313"},"modified":"2026-01-31T02:28:31","modified_gmt":"2026-01-31T02:28:31","slug":"creations-originales","status":"publish","type":"page","link":"https:\/\/lateliernuanuaborabora.com\/en\/creations-originales\/","title":{"rendered":"Creations originales"},"content":{"rendered":"<div data-elementor-type=\"wp-page\" data-elementor-id=\"2313\" class=\"elementor elementor-2313\">\n\t\t\t\t<div class=\"elementor-element elementor-element-30d47d6 e-con-full e-flex e-con e-parent\" data-id=\"30d47d6\" data-element_type=\"container\" data-e-type=\"container\" data-no-translation=\"\">\n\t\t\t\t<div class=\"elementor-element elementor-element-4f78f1a elementor-widget__width-initial elementor-widget elementor-widget-html\" data-id=\"4f78f1a\" data-element_type=\"widget\" data-e-type=\"widget\" data-widget_type=\"html.default\">\n\t\t\t\t\t<div class=\"custom-section\" id=\"atelier-nuanua-originales-en\">\n  <h1 class=\"custom-title\">\n    <span class=\"highlight-blue\">Original<\/span> creations\n  <\/h1>\n<\/div>\n\n\t\t\t\t<\/div>\n\t\t\t\t<\/div>\n\t\t<div class=\"elementor-element elementor-element-af2de04 e-con-full e-flex e-con e-parent\" data-id=\"af2de04\" data-element_type=\"container\" data-e-type=\"container\">\n\t\t\t\t<div class=\"elementor-element elementor-element-95e302b elementor-widget__width-initial elementor-widget elementor-widget-heading\" data-id=\"95e302b\" data-element_type=\"widget\" data-e-type=\"widget\" data-widget_type=\"heading.default\">\n\t\t\t\t\t<h2 class=\"elementor-heading-title elementor-size-default\">Each of Lucie's creations begins with a thread or sheet of precious metal.\nLucie works mainly with solid silver and 18-karat gold, giving rise to original creations.<\/h2>\t\t\t\t<\/div>\n\t\t\t\t<\/div>\n\t\t<div class=\"elementor-element elementor-element-0ae4229 e-con-full e-flex e-con e-parent\" data-id=\"0ae4229\" data-element_type=\"container\" data-e-type=\"container\">\n\t\t<div class=\"elementor-element elementor-element-cf88cf6 e-con-full e-flex e-con e-child\" data-id=\"cf88cf6\" data-element_type=\"container\" data-e-type=\"container\">\n\t\t\t\t<div class=\"elementor-element elementor-element-0276b48 elementor-widget__width-initial elementor-widget elementor-widget-html\" data-id=\"0276b48\" data-element_type=\"widget\" data-e-type=\"widget\" data-widget_type=\"html.default\">\n\t\t\t\t\t<div class=\"custom-section\">\n  <h2 class=\"savoir-faire-title\">The transformation\n<\/h2>\n\n  <p class=\"custom-text\">\nIn his hands, the material is heated, transformed, and patiently shaped to fit the form of each Tahitian or keshi pearl, revealing its full beauty.\nSometimes, semi-precious stones such as chrysocolla, malachite, pyrite, and azurite are mixed with the metal, adding their colors and unique character to the piece.\n\n\n  <\/p>\n<\/div>\n\t\t\t\t<\/div>\n\t\t\t\t<\/div>\n\t\t<div class=\"elementor-element elementor-element-4df8e54 e-con-full e-flex e-con e-child\" data-id=\"4df8e54\" data-element_type=\"container\" data-e-type=\"container\">\n\t\t\t\t<div class=\"elementor-element elementor-element-a81afe3 elementor-widget elementor-widget-image\" data-id=\"a81afe3\" data-element_type=\"widget\" data-e-type=\"widget\" data-widget_type=\"image.default\">\n\t\t\t\t\t\t\t\t\t\t\t\t\t\t\t<img fetchpriority=\"high\" decoding=\"async\" width=\"1263\" height=\"1046\" src=\"https:\/\/lateliernuanuaborabora.com\/wp-content\/uploads\/2026\/01\/Creations_Originales_001.webp\" class=\"attachment-1536x1536 size-1536x1536 wp-image-4808\" alt=\"\" srcset=\"https:\/\/lateliernuanuaborabora.com\/wp-content\/uploads\/2026\/01\/Creations_Originales_001.webp 1263w, https:\/\/lateliernuanuaborabora.com\/wp-content\/uploads\/2026\/01\/Creations_Originales_001-300x248.webp 300w, https:\/\/lateliernuanuaborabora.com\/wp-content\/uploads\/2026\/01\/Creations_Originales_001-1024x848.webp 1024w, https:\/\/lateliernuanuaborabora.com\/wp-content\/uploads\/2026\/01\/Creations_Originales_001-768x636.webp 768w, https:\/\/lateliernuanuaborabora.com\/wp-content\/uploads\/2026\/01\/Creations_Originales_001-14x12.webp 14w\" sizes=\"(max-width: 1263px) 100vw, 1263px\" \/>\t\t\t\t\t\t\t\t\t\t\t\t\t\t\t<\/div>\n\t\t\t\t<\/div>\n\t\t\t\t<\/div>\n\t\t<div class=\"elementor-element elementor-element-a43ffc4 e-con-full e-flex e-con e-parent\" data-id=\"a43ffc4\" data-element_type=\"container\" data-e-type=\"container\">\n\t\t<div class=\"elementor-element elementor-element-dfa99a6 e-con-full e-flex e-con e-child\" data-id=\"dfa99a6\" data-element_type=\"container\" data-e-type=\"container\">\n\t\t\t\t<div class=\"elementor-element elementor-element-66561b8 elementor-widget__width-initial elementor-widget elementor-widget-html\" data-id=\"66561b8\" data-element_type=\"widget\" data-e-type=\"widget\" data-widget_type=\"html.default\">\n\t\t\t\t\t<div class=\"custom-section\">\n  <h2 class=\"savoir-faire-title\">Polynesian inspiration<\/h2>\n\n  <p class=\"custom-text\">\nHer inspiration also draws from the lagoons of French Polynesia: manta rays, turtles, sharks, and other sea creatures come to life in her jewelry, like guardians of the ocean.\n  <\/p>\n\n<\/div>\n\t\t\t\t<\/div>\n\t\t\t\t<\/div>\n\t\t<div class=\"elementor-element elementor-element-390375c e-con-full e-flex e-con e-child\" data-id=\"390375c\" data-element_type=\"container\" data-e-type=\"container\">\n\t\t\t\t<div class=\"elementor-element elementor-element-4292640 elementor-widget elementor-widget-image\" data-id=\"4292640\" data-element_type=\"widget\" data-e-type=\"widget\" data-widget_type=\"image.default\">\n\t\t\t\t\t\t\t\t\t\t\t\t\t\t\t<img decoding=\"async\" width=\"1272\" height=\"1046\" src=\"https:\/\/lateliernuanuaborabora.com\/wp-content\/uploads\/2026\/01\/Creations_Originales_002.webp\" class=\"attachment-1536x1536 size-1536x1536 wp-image-4807\" alt=\"\" srcset=\"https:\/\/lateliernuanuaborabora.com\/wp-content\/uploads\/2026\/01\/Creations_Originales_002.webp 1272w, https:\/\/lateliernuanuaborabora.com\/wp-content\/uploads\/2026\/01\/Creations_Originales_002-300x247.webp 300w, https:\/\/lateliernuanuaborabora.com\/wp-content\/uploads\/2026\/01\/Creations_Originales_002-1024x842.webp 1024w, https:\/\/lateliernuanuaborabora.com\/wp-content\/uploads\/2026\/01\/Creations_Originales_002-768x632.webp 768w, https:\/\/lateliernuanuaborabora.com\/wp-content\/uploads\/2026\/01\/Creations_Originales_002-15x12.webp 15w\" sizes=\"(max-width: 1272px) 100vw, 1272px\" \/>\t\t\t\t\t\t\t\t\t\t\t\t\t\t\t<\/div>\n\t\t\t\t<\/div>\n\t\t\t\t<\/div>\n\t\t<div class=\"elementor-element elementor-element-536f3a7 e-con-full e-flex e-con e-parent\" data-id=\"536f3a7\" data-element_type=\"container\" data-e-type=\"container\">\n\t\t<div class=\"elementor-element elementor-element-1425bd6 e-con-full e-flex e-con e-child\" data-id=\"1425bd6\" data-element_type=\"container\" data-e-type=\"container\">\n\t\t\t\t<div class=\"elementor-element elementor-element-d53a3d6 elementor-widget__width-initial elementor-widget elementor-widget-html\" data-id=\"d53a3d6\" data-element_type=\"widget\" data-e-type=\"widget\" data-widget_type=\"html.default\">\n\t\t\t\t\t<div class=\"custom-section\">\n  <h2 class=\"savoir-faire-title\">The art of piercing\n<\/h2>\n\n  <p class=\"custom-text\">\nUsing the meticulous art of bocfil piercing, she cuts the material into patterns inspired by Polynesian tattoos, imbued with symbols and ancient stories.\n\n  <\/p>\n<\/div>\n\t\t\t\t<\/div>\n\t\t\t\t<\/div>\n\t\t<div class=\"elementor-element elementor-element-0b82dca e-con-full e-flex e-con e-child\" data-id=\"0b82dca\" data-element_type=\"container\" data-e-type=\"container\">\n\t\t\t\t<div class=\"elementor-element elementor-element-04b843b elementor-widget elementor-widget-image\" data-id=\"04b843b\" data-element_type=\"widget\" data-e-type=\"widget\" data-widget_type=\"image.default\">\n\t\t\t\t\t\t\t\t\t\t\t\t\t\t\t<img decoding=\"async\" width=\"1263\" height=\"1046\" src=\"https:\/\/lateliernuanuaborabora.com\/wp-content\/uploads\/2025\/10\/tebawlvtekyxxxywrdgm.webp\" class=\"attachment-1536x1536 size-1536x1536 wp-image-2330\" alt=\"\" srcset=\"https:\/\/lateliernuanuaborabora.com\/wp-content\/uploads\/2025\/10\/tebawlvtekyxxxywrdgm.webp 1263w, https:\/\/lateliernuanuaborabora.com\/wp-content\/uploads\/2025\/10\/tebawlvtekyxxxywrdgm-300x248.webp 300w, https:\/\/lateliernuanuaborabora.com\/wp-content\/uploads\/2025\/10\/tebawlvtekyxxxywrdgm-1024x848.webp 1024w, https:\/\/lateliernuanuaborabora.com\/wp-content\/uploads\/2025\/10\/tebawlvtekyxxxywrdgm-768x636.webp 768w, https:\/\/lateliernuanuaborabora.com\/wp-content\/uploads\/2025\/10\/tebawlvtekyxxxywrdgm-14x12.webp 14w\" sizes=\"(max-width: 1263px) 100vw, 1263px\" \/>\t\t\t\t\t\t\t\t\t\t\t\t\t\t\t<\/div>\n\t\t\t\t<\/div>\n\t\t\t\t<\/div>\n\t\t<div class=\"elementor-element elementor-element-92eea7c e-con-full e-flex e-con e-parent\" data-id=\"92eea7c\" data-element_type=\"container\" data-e-type=\"container\">\n\t\t<div class=\"elementor-element elementor-element-df26464 e-con-full e-flex e-con e-child\" data-id=\"df26464\" data-element_type=\"container\" data-e-type=\"container\">\n\t\t\t\t<div class=\"elementor-element elementor-element-62fef95 elementor-widget__width-initial elementor-widget elementor-widget-html\" data-id=\"62fef95\" data-element_type=\"widget\" data-e-type=\"widget\" data-widget_type=\"html.default\">\n\t\t\t\t\t<div class=\"custom-section\">\n  <h2 class=\"savoir-faire-title\">The finishes<\/h2>\n\n  <p class=\"custom-text\">\nEach finish brushed, hammered, polished, milled, brings a different texture, light, and vibration. Thus, each piece of jewelry becomes a handcrafted work of art, unique and singular, where the power of nature, the memory of traditions, and contemporary elegance come together.\n  <\/p>\n\n<\/div>\n\t\t\t\t<\/div>\n\t\t\t\t<\/div>\n\t\t<div class=\"elementor-element elementor-element-5ff3c74 e-con-full e-flex e-con e-child\" data-id=\"5ff3c74\" data-element_type=\"container\" data-e-type=\"container\">\n\t\t\t\t<div class=\"elementor-element elementor-element-60bfff4 elementor-widget elementor-widget-image\" data-id=\"60bfff4\" data-element_type=\"widget\" data-e-type=\"widget\" data-widget_type=\"image.default\">\n\t\t\t\t\t\t\t\t\t\t\t\t\t\t\t<img loading=\"lazy\" decoding=\"async\" width=\"1024\" height=\"1536\" src=\"https:\/\/lateliernuanuaborabora.com\/wp-content\/uploads\/2025\/10\/z1nlu62dggzdan1vj23h-1024x1536.webp\" class=\"attachment-1536x1536 size-1536x1536 wp-image-4070\" alt=\"\" srcset=\"https:\/\/lateliernuanuaborabora.com\/wp-content\/uploads\/2025\/10\/z1nlu62dggzdan1vj23h-1024x1536.webp 1024w, https:\/\/lateliernuanuaborabora.com\/wp-content\/uploads\/2025\/10\/z1nlu62dggzdan1vj23h-200x300.webp 200w, https:\/\/lateliernuanuaborabora.com\/wp-content\/uploads\/2025\/10\/z1nlu62dggzdan1vj23h-683x1024.webp 683w, https:\/\/lateliernuanuaborabora.com\/wp-content\/uploads\/2025\/10\/z1nlu62dggzdan1vj23h-768x1152.webp 768w, https:\/\/lateliernuanuaborabora.com\/wp-content\/uploads\/2025\/10\/z1nlu62dggzdan1vj23h-1365x2048.webp 1365w, https:\/\/lateliernuanuaborabora.com\/wp-content\/uploads\/2025\/10\/z1nlu62dggzdan1vj23h-8x12.webp 8w, https:\/\/lateliernuanuaborabora.com\/wp-content\/uploads\/2025\/10\/z1nlu62dggzdan1vj23h-scaled.webp 1707w\" sizes=\"(max-width: 1024px) 100vw, 1024px\" \/>\t\t\t\t\t\t\t\t\t\t\t\t\t\t\t<\/div>\n\t\t\t\t<\/div>\n\t\t\t\t<\/div>\n\t\t<div class=\"elementor-element elementor-element-12e1831 e-con-full e-flex e-con e-parent\" data-id=\"12e1831\" data-element_type=\"container\" data-e-type=\"container\">\n\t\t\t\t<div class=\"elementor-element elementor-element-f642ddd elementor-widget__width-initial elementor-widget elementor-widget-html\" data-id=\"f642ddd\" data-element_type=\"widget\" data-e-type=\"widget\" data-widget_type=\"html.default\">\n\t\t\t\t\t<div class=\"custom-section\" id=\"atelier-nuanua-section\">\n  <h2 class=\"savoir-faire-title\">\n Original jewelry\n\n  <\/h2>\n<\/div>\n\t\t\t\t<\/div>\n\t\t\t\t<\/div>\n\t\t<div class=\"elementor-element elementor-element-6b54f38 e-flex e-con-boxed e-con e-parent\" data-id=\"6b54f38\" data-element_type=\"container\" data-e-type=\"container\">\n\t\t\t\t\t<div class=\"e-con-inner\">\n\t\t\t\t<div class=\"elementor-element elementor-element-7c09648 elementor-widget elementor-widget-html\" data-id=\"7c09648\" data-element_type=\"widget\" data-e-type=\"widget\" data-widget_type=\"html.default\">\n\t\t\t\t\t<div class=\"image-grid\">\n  <div class=\"image-item\">\n    <img decoding=\"async\" src=\"https:\/\/lateliernuanuaborabora.com\/wp-content\/uploads\/2025\/10\/yjtoyeh1bej5gwk8yq6d.webp\" alt=\"Image 1\">\n    <div class=\"overlay\">\n      <div class=\"custom-title\">Silver \u201cTurtle\u201d Tattoo Pendant with Chrysocolla<\/div>\n      <a href=\"\/en\/nos-creations\/?filter=collier#shop-module\" class=\"custom-link\">D\u00e9couvrez nos autres cr\u00e9ations originales<\/a>\n    <\/div>\n  <\/div>\n\n  <div class=\"image-item\">\n    <img decoding=\"async\" src=\"https:\/\/lateliernuanuaborabora.com\/wp-content\/uploads\/2025\/10\/uihpnzquhg2jisls2qqo.webp\" alt=\"Image 2\">\n    <div class=\"overlay\">\n      <div class=\"custom-title\">Silver bracelet \u201cToi et Moi Manta Ray\u201d Tattoo with a Tahitian pearl<\/div>\n      <a href=\"\/en\/nos-creations\/?filter=collier#shop-module\" class=\"custom-link\">D\u00e9couvrez nos autres cr\u00e9ations originales<\/a>\n    <\/div>\n  <\/div>\n\n  <div class=\"image-item\">\n    <img decoding=\"async\" src=\"https:\/\/lateliernuanuaborabora.com\/wp-content\/uploads\/2025\/10\/edydvjlmm9sqcmnoypb5.webp\" alt=\"Image 3\">\n    <div class=\"overlay\">\n      <div class=\"custom-title\">Silver ribbon ring with a Tahitian pearl<\/div>\n      <a href=\"\/en\/nos-creations\/?filter=collier#shop-module\" class=\"custom-link\">D\u00e9couvrez nos autres cr\u00e9ations originales<\/a>\n    <\/div>\n  <\/div>\n\n  <div class=\"image-item\">\n    <img decoding=\"async\" src=\"https:\/\/lateliernuanuaborabora.com\/wp-content\/uploads\/2025\/10\/bhfzmycbtdqhgaxals03.webp\" alt=\"Image 4\">\n    <div class=\"overlay\">\n      <div class=\"custom-title\">Silver bracelet \u201c3 Manta rays\u201d with three Tahitian pearls<\/div>\n      <a href=\"\/en\/nos-creations\/?filter=collier#shop-module\" class=\"custom-link\">D\u00e9couvrez nos autres cr\u00e9ations originales<\/a>\n    <\/div>\n  <\/div>\n\n  <div class=\"image-item\">\n    <img decoding=\"async\" src=\"https:\/\/lateliernuanuaborabora.com\/wp-content\/uploads\/2025\/10\/zrdgzxnkaq2lottyotiv.webp\">\n    <div class=\"overlay\">\n      <div class=\"custom-title\">Silver \u201cdouble ribbon\u201d ring with a Tahitian pearl<\/div>\n      <a href=\"\/en\/nos-creations\/?filter=collier#shop-module\" class=\"custom-link\">D\u00e9couvrez nos autres cr\u00e9ations originales<\/a>\n    <\/div>\n  <\/div>\n\n  <div class=\"image-item\">\n    <img decoding=\"async\" src=\"https:\/\/lateliernuanuaborabora.com\/wp-content\/uploads\/2025\/10\/fhdimmqruo27xo7ej91v.webp\" alt=\"Image 6\">\n    <div class=\"overlay\">\n      <div class=\"custom-title\">Silver \u201cManta Ray\u201d Tattoo Pendant with a Tahitian Pearl\n<\/div>\n      <a href=\"\/en\/nos-creations\/?filter=collier#shop-module\" class=\"custom-link\">D\u00e9couvrez nos autres cr\u00e9ations originales<\/a>\n    <\/div>\n  <\/div>\n<\/div>\n\t\t\t\t<\/div>\n\t\t\t\t\t<\/div>\n\t\t\t\t<\/div>\n\t\t\t\t<\/div>","protected":false},"excerpt":{"rendered":"<p>Original creations Les cr\u00e9ations originales Chaque cr\u00e9ation de Lucie d\u00e9bute avec un fil ou une plaque de m\u00e9tal pr\u00e9cieux. Lucie travaille principalement l\u2019argent massif et l\u2019or 18 kt, donnant naissance \u00e0 des cr\u00e9ations originales. La transformation Entre ses mains, la mati\u00e8re est chauff\u00e9e, transform\u00e9e et patiemment guid\u00e9e pour \u00e9pouser la forme de chaque perle de [&hellip;]<\/p>\n","protected":false},"author":1,"featured_media":0,"parent":0,"menu_order":0,"comment_status":"closed","ping_status":"closed","template":"","meta":{"footnotes":""},"class_list":["post-2313","page","type-page","status-publish","hentry","entry"],"_hostinger_reach_plugin_has_subscription_block":false,"_hostinger_reach_plugin_is_elementor":false,"_links":{"self":[{"href":"https:\/\/lateliernuanuaborabora.com\/en\/wp-json\/wp\/v2\/pages\/2313","targetHints":{"allow":["GET"]}}],"collection":[{"href":"https:\/\/lateliernuanuaborabora.com\/en\/wp-json\/wp\/v2\/pages"}],"about":[{"href":"https:\/\/lateliernuanuaborabora.com\/en\/wp-json\/wp\/v2\/types\/page"}],"author":[{"embeddable":true,"href":"https:\/\/lateliernuanuaborabora.com\/en\/wp-json\/wp\/v2\/users\/1"}],"replies":[{"embeddable":true,"href":"https:\/\/lateliernuanuaborabora.com\/en\/wp-json\/wp\/v2\/comments?post=2313"}],"version-history":[{"count":73,"href":"https:\/\/lateliernuanuaborabora.com\/en\/wp-json\/wp\/v2\/pages\/2313\/revisions"}],"predecessor-version":[{"id":4811,"href":"https:\/\/lateliernuanuaborabora.com\/en\/wp-json\/wp\/v2\/pages\/2313\/revisions\/4811"}],"wp:attachment":[{"href":"https:\/\/lateliernuanuaborabora.com\/en\/wp-json\/wp\/v2\/media?parent=2313"}],"curies":[{"name":"wp","href":"https:\/\/api.w.org\/{rel}","templated":true}]}}