{"id":1590,"date":"2025-09-30T18:01:55","date_gmt":"2025-09-30T18:01:55","guid":{"rendered":"https:\/\/lateliernuanuaborabora.com\/?page_id=1590"},"modified":"2026-02-15T01:30:25","modified_gmt":"2026-02-15T01:30:25","slug":"entretenir-mon-bijou","status":"publish","type":"page","link":"https:\/\/lateliernuanuaborabora.com\/en\/entretenir-mon-bijou\/","title":{"rendered":"Caring for my jewelry"},"content":{"rendered":"<div data-elementor-type=\"wp-page\" data-elementor-id=\"1590\" class=\"elementor elementor-1590\">\n\t\t\t\t<div class=\"elementor-element elementor-element-30d47d6 e-con-full e-flex e-con e-parent\" data-id=\"30d47d6\" data-element_type=\"container\" data-e-type=\"container\">\n\t\t\t\t<div class=\"elementor-element elementor-element-4f78f1a elementor-widget__width-initial elementor-widget elementor-widget-html\" data-id=\"4f78f1a\" data-element_type=\"widget\" data-e-type=\"widget\" data-widget_type=\"html.default\">\n\t\t\t\t\t<div class=\"custom-section\" id=\"atelier-nuanua-entretenir\">\n  <h1 class=\"custom-title\">\n    Caring for your <span class=\"highlight-blue\">pearl<\/span>\n  <\/h1>\n<\/div>\t\t\t\t<\/div>\n\t\t\t\t<\/div>\n\t\t<div class=\"elementor-element elementor-element-af2de04 e-con-full e-flex e-con e-parent\" data-id=\"af2de04\" data-element_type=\"container\" data-e-type=\"container\">\n\t\t\t\t<div class=\"elementor-element elementor-element-95e302b elementor-widget__width-initial elementor-widget elementor-widget-heading\" data-id=\"95e302b\" data-element_type=\"widget\" data-e-type=\"widget\" data-widget_type=\"heading.default\">\n\t\t\t\t\t<h2 class=\"elementor-heading-title elementor-size-default\">Your pearl is precious and delicate. To preserve its beauty, we recommend a few simple steps to care for it:<\/h2>\t\t\t\t<\/div>\n\t\t\t\t<\/div>\n\t\t<div class=\"elementor-element elementor-element-0ae4229 e-con-full e-flex e-con e-parent\" data-id=\"0ae4229\" data-element_type=\"container\" data-e-type=\"container\">\n\t\t<div class=\"elementor-element elementor-element-cf88cf6 e-con-full e-flex e-con e-child\" data-id=\"cf88cf6\" data-element_type=\"container\" data-e-type=\"container\">\n\t\t\t\t<div class=\"elementor-element elementor-element-0276b48 elementor-widget__width-initial elementor-widget elementor-widget-html\" data-id=\"0276b48\" data-element_type=\"widget\" data-e-type=\"widget\" data-widget_type=\"html.default\">\n\t\t\t\t\t<ul class=\"custom-list\">\n  <li>\nAvoid contact with chemicals (detergent, perfume, soap, moisturizer, etc.) that could alter its luster. When not wearing it, store it in its case to protect it, keeping in mind that pearls like the natural humidity in the air, which prevents them from drying out.\n  <\/li>\n  <li>\nIt is best not to wear your pearl during intense physical activity. Sweat, which is rich in acidity, as well as any shocks, can weaken its mother-of-pearl over time.\n  <\/li>\n  <li>\nTo properly care for your jewelry and extend its life, it is advisable to remove your pearl before sleeping, showering, or exercising, in order to preserve its luminous shine.\n  <\/li>\n<\/ul>\n\t\t\t\t<\/div>\n\t\t\t\t<\/div>\n\t\t<div class=\"elementor-element elementor-element-4df8e54 e-con-full e-flex e-con e-child\" data-id=\"4df8e54\" data-element_type=\"container\" data-e-type=\"container\">\n\t\t\t\t<div class=\"elementor-element elementor-element-a81afe3 elementor-widget elementor-widget-image\" data-id=\"a81afe3\" data-element_type=\"widget\" data-e-type=\"widget\" data-widget_type=\"image.default\">\n\t\t\t\t\t\t\t\t\t\t\t\t\t\t\t<img fetchpriority=\"high\" decoding=\"async\" width=\"744\" height=\"537\" src=\"https:\/\/lateliernuanuaborabora.com\/wp-content\/uploads\/2025\/10\/ms5xah6zuffrz5n01t0g.webp\" class=\"attachment-1536x1536 size-1536x1536 wp-image-2199\" alt=\"entretenir\" srcset=\"https:\/\/lateliernuanuaborabora.com\/wp-content\/uploads\/2025\/10\/ms5xah6zuffrz5n01t0g.webp 744w, https:\/\/lateliernuanuaborabora.com\/wp-content\/uploads\/2025\/10\/ms5xah6zuffrz5n01t0g-300x217.webp 300w, https:\/\/lateliernuanuaborabora.com\/wp-content\/uploads\/2025\/10\/ms5xah6zuffrz5n01t0g-18x12.webp 18w\" sizes=\"(max-width: 744px) 100vw, 744px\" \/>\t\t\t\t\t\t\t\t\t\t\t\t\t\t\t<\/div>\n\t\t\t\t<\/div>\n\t\t\t\t<\/div>\n\t\t<div class=\"elementor-element elementor-element-a43ffc4 e-con-full e-flex e-con e-parent\" data-id=\"a43ffc4\" data-element_type=\"container\" data-e-type=\"container\">\n\t\t<div class=\"elementor-element elementor-element-dfa99a6 e-con-full e-flex e-con e-child\" data-id=\"dfa99a6\" data-element_type=\"container\" data-e-type=\"container\">\n\t\t\t\t<div class=\"elementor-element elementor-element-66561b8 elementor-widget__width-initial elementor-widget elementor-widget-html\" data-id=\"66561b8\" data-element_type=\"widget\" data-e-type=\"widget\" data-widget_type=\"html.default\">\n\t\t\t\t\t<div class=\"custom-section\">\n  <h2 class=\"savoir-faire-title\">A simple gesture<\/h2>\n\n  <p class=\"custom-text\">\nIf, over time, you feel that your pearl is losing its shine, gently wipe it with a soft cloth and a small drop of sweet almond oil.  <\/p>\n\n<\/div>\n\t\t\t\t<\/div>\n\t\t\t\t<\/div>\n\t\t<div class=\"elementor-element elementor-element-390375c e-con-full e-flex e-con e-child\" data-id=\"390375c\" data-element_type=\"container\" data-e-type=\"container\">\n\t\t\t\t<div class=\"elementor-element elementor-element-4292640 elementor-widget elementor-widget-image\" data-id=\"4292640\" data-element_type=\"widget\" data-e-type=\"widget\" data-widget_type=\"image.default\">\n\t\t\t\t\t\t\t\t\t\t\t\t\t\t\t<img decoding=\"async\" width=\"744\" height=\"537\" src=\"https:\/\/lateliernuanuaborabora.com\/wp-content\/uploads\/2026\/01\/Creation_2.webp\" class=\"attachment-1536x1536 size-1536x1536 wp-image-4698\" alt=\"\" srcset=\"https:\/\/lateliernuanuaborabora.com\/wp-content\/uploads\/2026\/01\/Creation_2.webp 744w, https:\/\/lateliernuanuaborabora.com\/wp-content\/uploads\/2026\/01\/Creation_2-300x217.webp 300w, https:\/\/lateliernuanuaborabora.com\/wp-content\/uploads\/2026\/01\/Creation_2-18x12.webp 18w\" sizes=\"(max-width: 744px) 100vw, 744px\" \/>\t\t\t\t\t\t\t\t\t\t\t\t\t\t\t<\/div>\n\t\t\t\t<\/div>\n\t\t\t\t<\/div>\n\t\t<div class=\"elementor-element elementor-element-4572a28 e-con-full e-flex e-con e-parent\" data-id=\"4572a28\" data-element_type=\"container\" data-e-type=\"container\">\n\t\t\t\t<div class=\"elementor-element elementor-element-528fb8b elementor-widget__width-initial mon-texte elementor-widget elementor-widget-heading\" data-id=\"528fb8b\" data-element_type=\"widget\" data-e-type=\"widget\" data-widget_type=\"heading.default\">\n\t\t\t\t\t<h2 class=\"elementor-heading-title elementor-size-default\">Caring for your silver jewelry<\/h2>\t\t\t\t<\/div>\n\t\t\t\t<\/div>\n\t\t<div class=\"elementor-element elementor-element-559765b e-con-full e-flex e-con e-parent\" data-id=\"559765b\" data-element_type=\"container\" data-e-type=\"container\">\n\t\t\t\t<div class=\"elementor-element elementor-element-649bf68 elementor-widget__width-initial elementor-widget elementor-widget-heading\" data-id=\"649bf68\" data-element_type=\"widget\" data-e-type=\"widget\" data-widget_type=\"heading.default\">\n\t\t\t\t\t<h2 class=\"elementor-heading-title elementor-size-default\">Silver is a living, delicate precious metal that can react to its environment. Over time and depending on your lifestyle, it may tarnish slightly, develop a patina, or change appearance. Don't worry: this is a natural and reversible phenomenon.\n<\/h2>\t\t\t\t<\/div>\n\t\t\t\t<\/div>\n\t\t<div class=\"elementor-element elementor-element-2fdd0ee e-flex e-con-boxed e-con e-parent\" data-id=\"2fdd0ee\" data-element_type=\"container\" data-e-type=\"container\">\n\t\t\t\t\t<div class=\"e-con-inner\">\n\t\t\t\t<div class=\"elementor-element elementor-element-36a340d elementor-widget elementor-widget-html\" data-id=\"36a340d\" data-element_type=\"widget\" data-e-type=\"widget\" data-widget_type=\"html.default\">\n\t\t\t\t\t<div class=\"custom-accordion\">\n\n  <div class=\"accordion-item\">\n    <button class=\"accordion-header\">\n      <span>Why does my silver jewelry change color?<\/span>\n      <span class=\"icon\"><\/span>\n    <\/button>\n    <div class=\"accordion-content\">\n      <ul>\n        <li>Silver reacts to sulfur present in certain environments (e.g., seaweed baths, hot springs, spas, cosmetics).<\/li>\n        <li>Some household products, such as pure bleach, can also cause chemical reactions on surfaces.<\/li>\n        <li>Sweat, perfume, creams, and even chlorinated water can accelerate this phenomenon.<\/li>\n      <\/ul>\n      <div class=\"spacer\"><\/div>\n    <\/div>\n  <\/div>\n\n  <div class=\"accordion-item\">\n    <button class=\"accordion-header\">\n      <span>How can these reactions be avoided?<\/span>\n      <span class=\"icon\"><\/span>\n    <\/button>\n    <div class=\"accordion-content\">\n      <ul>\n        <li>Remove your jewelry before swimming (spa, pool, sea), participating in sports activities, or using household products.<\/li>\n        <li>Store your jewelry away from moisture.<\/li>\n        <li>Avoid direct contact with perfumes, lotions, or chemicals.<\/li>\n      <\/ul>\n      <div class=\"spacer\"><\/div>\n    <\/div>\n  <\/div>\n\n  <div class=\"accordion-item\">\n    <button class=\"accordion-header\">\n      <span>How can you restore your jewelry's shine?<\/span>\n      <span class=\"icon\"><\/span>\n    <\/button>\n    <div class=\"accordion-content\">\n      <ul>\n        <li>Use a special silver polishing cloth (available at the workshop): it will restore shine and luster simply by rubbing, without adding any product or water.<\/li>\n        <li>For a deep clean, a jeweler can perform professional polishing that will restore your jewelry to its original appearance.<\/li>\n      <\/ul>\n      <div class=\"spacer\"><\/div>\n    <\/div>\n  <\/div>\n\n  <div class=\"accordion-item\">\n    <button class=\"accordion-header\">\n      <span>What if my ring changes shape?<\/span>\n      <span class=\"icon\"><\/span>\n    <\/button>\n    <div class=\"accordion-content\">\n      <p>Silver is a malleable metal that can, over time, slightly adapt to the shape of your finger. This is not a defect, but a characteristic of this metal. A jeweler can easily restore your jewelry to its original condition if necessary.<\/p>\n      <div class=\"spacer\"><\/div>\n    <\/div>\n  <\/div>\n\n<\/div>\n\t\t\t\t<\/div>\n\t\t\t\t\t<\/div>\n\t\t\t\t<\/div>\n\t\t<div class=\"elementor-element elementor-element-462299a e-con-full e-flex e-con e-parent\" data-id=\"462299a\" data-element_type=\"container\" data-e-type=\"container\">\n\t\t<div class=\"elementor-element elementor-element-e7d3c88 e-con-full e-flex e-con e-child\" data-id=\"e7d3c88\" data-element_type=\"container\" data-e-type=\"container\">\n\t\t\t\t<div class=\"elementor-element elementor-element-3b90dd3 elementor-widget__width-initial elementor-widget elementor-widget-html\" data-id=\"3b90dd3\" data-element_type=\"widget\" data-e-type=\"widget\" data-widget_type=\"html.default\">\n\t\t\t\t\t<div class=\"custom-section\">\n  <h2 class=\"savoir-faire-title\">An alternative: 18kt gold<\/h2>\n\n  <p class=\"custom-text\">\nFor those who want jewelry that is even more resistant to chemical reactions and deformation, we also offer certain designs in 18kt gold.\n\n  <\/p>\n\n    <!-- Bouton -->\n  <a href=\"\/en\/nos-creations\/?filter=or#shop-module\" class=\"custom-section-button\">Discover our 18kt gold jewelry<\/a>\n<\/div>\n\n\t\t\t\t<\/div>\n\t\t\t\t<\/div>\n\t\t<div class=\"elementor-element elementor-element-7a96d7b e-con-full e-flex e-con e-child\" data-id=\"7a96d7b\" data-element_type=\"container\" data-e-type=\"container\">\n\t\t\t\t<div class=\"elementor-element elementor-element-7a7360f elementor-widget elementor-widget-image\" data-id=\"7a7360f\" data-element_type=\"widget\" data-e-type=\"widget\" data-widget_type=\"image.default\">\n\t\t\t\t\t\t\t\t\t\t\t\t\t\t\t<img decoding=\"async\" width=\"744\" height=\"537\" src=\"https:\/\/lateliernuanuaborabora.com\/wp-content\/uploads\/2026\/01\/Creation_3.webp\" class=\"attachment-1536x1536 size-1536x1536 wp-image-4799\" alt=\"\" srcset=\"https:\/\/lateliernuanuaborabora.com\/wp-content\/uploads\/2026\/01\/Creation_3.webp 744w, https:\/\/lateliernuanuaborabora.com\/wp-content\/uploads\/2026\/01\/Creation_3-300x217.webp 300w, https:\/\/lateliernuanuaborabora.com\/wp-content\/uploads\/2026\/01\/Creation_3-18x12.webp 18w\" sizes=\"(max-width: 744px) 100vw, 744px\" \/>\t\t\t\t\t\t\t\t\t\t\t\t\t\t\t<\/div>\n\t\t\t\t<\/div>\n\t\t\t\t<\/div>\n\t\t\t\t<\/div>","protected":false},"excerpt":{"rendered":"<p>Prendre soin de votre perle Votre perle est pr\u00e9cieuse et d\u00e9licate. Pour pr\u00e9server toute sa beaut\u00e9, nous vous recommandons quelques gestes simples pour l&rsquo;entretenir : \u00c9vitez tout contact avec des produits chimiques (lessive, parfum, savon, cr\u00e8me hydratante, etc.) qui pourraient alt\u00e9rer son \u00e9clat. Lorsque vous ne la portez pas, conservez-la dans son \u00e9crin afin de [&hellip;]<\/p>\n","protected":false},"author":1,"featured_media":0,"parent":0,"menu_order":0,"comment_status":"closed","ping_status":"closed","template":"","meta":{"footnotes":""},"class_list":["post-1590","page","type-page","status-publish","hentry","entry"],"_hostinger_reach_plugin_has_subscription_block":false,"_hostinger_reach_plugin_is_elementor":false,"_links":{"self":[{"href":"https:\/\/lateliernuanuaborabora.com\/en\/wp-json\/wp\/v2\/pages\/1590","targetHints":{"allow":["GET"]}}],"collection":[{"href":"https:\/\/lateliernuanuaborabora.com\/en\/wp-json\/wp\/v2\/pages"}],"about":[{"href":"https:\/\/lateliernuanuaborabora.com\/en\/wp-json\/wp\/v2\/types\/page"}],"author":[{"embeddable":true,"href":"https:\/\/lateliernuanuaborabora.com\/en\/wp-json\/wp\/v2\/users\/1"}],"replies":[{"embeddable":true,"href":"https:\/\/lateliernuanuaborabora.com\/en\/wp-json\/wp\/v2\/comments?post=1590"}],"version-history":[{"count":204,"href":"https:\/\/lateliernuanuaborabora.com\/en\/wp-json\/wp\/v2\/pages\/1590\/revisions"}],"predecessor-version":[{"id":5226,"href":"https:\/\/lateliernuanuaborabora.com\/en\/wp-json\/wp\/v2\/pages\/1590\/revisions\/5226"}],"wp:attachment":[{"href":"https:\/\/lateliernuanuaborabora.com\/en\/wp-json\/wp\/v2\/media?parent=1590"}],"curies":[{"name":"wp","href":"https:\/\/api.w.org\/{rel}","templated":true}]}}